{"id":5791,"date":"2025-07-24T14:22:02","date_gmt":"2025-07-24T14:22:02","guid":{"rendered":"https:\/\/riyoupro.com\/?post_type=product&#038;p=5791"},"modified":"2025-07-24T18:18:24","modified_gmt":"2025-07-24T18:18:24","slug":"pasteques","status":"publish","type":"product","link":"https:\/\/riyoupro.com\/ar\/product\/pasteques\/","title":{"rendered":"\u0628\u0637\u064a\u062e"},"content":{"rendered":"<p>\u0627\u0644\u0628\u0637\u064a\u062e \u0641\u0627\u0643\u0647\u0629 \u0644\u0627 \u063a\u0646\u0649 \u0639\u0646\u0647\u0627 \u0641\u064a \u0627\u0644\u0635\u064a\u0641\u060c \u0645\u0639\u0631\u0648\u0641\u0629 \u0628\u0644\u0628\u0647\u0627 \u0627\u0644\u0639\u0635\u064a\u0631\u064a \u0648\u0627\u0644\u062d\u0644\u0648 \u0648\u0627\u0644\u0645\u0646\u0639\u0634. \u063a\u0646\u064a \u0628\u0627\u0644\u0645\u0627\u0621 \u0648\u0627\u0644\u0641\u064a\u062a\u0627\u0645\u064a\u0646\u0627\u062a\u060c \u064a\u0631\u0648\u064a \u0627\u0644\u0639\u0637\u0634 \u0637\u0628\u064a\u0639\u064a\u064b\u0627 \u0641\u064a \u0627\u0644\u0623\u064a\u0627\u0645 \u0627\u0644\u062d\u0627\u0631\u0629 \u0648\u064a\u064f\u0639\u062a\u0628\u0631 \u0645\u0635\u062f\u0631\u064b\u0627 \u0645\u0645\u062a\u0627\u0632\u064b\u0627 \u0644\u0644\u062a\u0631\u0637\u064a\u0628. \u0645\u062b\u0627\u0644\u064a \u0643\u0645\u0642\u0637\u0639 \u0623\u0648 \u0641\u064a \u0633\u0644\u0637\u0627\u062a \u0627\u0644\u0641\u0648\u0627\u0643\u0647 \u0623\u0648 \u0627\u0644\u0633\u0645\u0648\u062b\u064a\u060c \u0648\u0627\u0644\u0628\u0637\u064a\u062e \u0645\u062d\u0628\u0648\u0628 \u0645\u0646 \u0627\u0644\u062c\u0645\u064a\u0639\u060c \u0635\u063a\u0627\u0631\u064b\u0627 \u0648\u0643\u0628\u0627\u0631\u064b\u0627.<\/p>","protected":false},"excerpt":{"rendered":"<p>\u0627\u0644\u0628\u0637\u064a\u062e \u0641\u0627\u0643\u0647\u0629 \u0644\u0627 \u063a\u0646\u0649 \u0639\u0646\u0647\u0627 \u0641\u064a \u0627\u0644\u0635\u064a\u0641\u060c \u0645\u0639\u0631\u0648\u0641\u0629 \u0628\u0644\u0628\u0647\u0627 \u0627\u0644\u0639\u0635\u064a\u0631\u064a \u0648\u0627\u0644\u062d\u0644\u0648 \u0648\u0627\u0644\u0645\u0646\u0639\u0634. \u063a\u0646\u064a \u0628\u0627\u0644\u0645\u0627\u0621 \u0648\u0627\u0644\u0641\u064a\u062a\u0627\u0645\u064a\u0646\u0627\u062a\u060c \u064a\u0631\u0648\u064a \u0627\u0644\u0639\u0637\u0634 \u0637\u0628\u064a\u0639\u064a\u064b\u0627 \u0641\u064a \u0627\u0644\u0623\u064a\u0627\u0645 \u0627\u0644\u062d\u0627\u0631\u0629 \u0648\u064a\u064f\u0639\u062a\u0628\u0631 \u0645\u0635\u062f\u0631\u064b\u0627 \u0645\u0645\u062a\u0627\u0632\u064b\u0627 \u0644\u0644\u062a\u0631\u0637\u064a\u0628. \u0645\u062b\u0627\u0644\u064a \u0643\u0645\u0642\u0637\u0639 \u0623\u0648 \u0641\u064a \u0633\u0644\u0637\u0627\u062a \u0627\u0644\u0641\u0648\u0627\u0643\u0647 \u0623\u0648 \u0627\u0644\u0633\u0645\u0648\u062b\u064a\u060c \u0648\u0627\u0644\u0628\u0637\u064a\u062e \u0645\u062d\u0628\u0648\u0628 \u0645\u0646 \u0627\u0644\u062c\u0645\u064a\u0639\u060c \u0635\u063a\u0627\u0631\u064b\u0627 \u0648\u0643\u0628\u0627\u0631\u064b\u0627.<\/p>","protected":false},"featured_media":5755,"comment_status":"open","ping_status":"closed","template":"","meta":{"_uag_custom_page_level_css":"","site-sidebar-layout":"default","site-content-layout":"","ast-site-content-layout":"default","site-content-style":"default","site-sidebar-style":"default","ast-global-header-display":"","ast-banner-title-visibility":"","ast-main-header-display":"","ast-hfb-above-header-display":"","ast-hfb-below-header-display":"","ast-hfb-mobile-header-display":"","site-post-title":"","ast-breadcrumbs-content":"","ast-featured-img":"","footer-sml-layout":"","theme-transparent-header-meta":"default","adv-header-id-meta":"","stick-header-meta":"","header-above-stick-meta":"","header-main-stick-meta":"","header-below-stick-meta":"","astra-migrate-meta-layouts":"set","ast-page-background-enabled":"default","ast-page-background-meta":{"desktop":{"background-color":"","background-image":"","background-repeat":"repeat","background-position":"center center","background-size":"auto","background-attachment":"scroll","background-type":"","background-media":"","overlay-type":"","overlay-color":"","overlay-opacity":"","overlay-gradient":""},"tablet":{"background-color":"","background-image":"","background-repeat":"repeat","background-position":"center center","background-size":"auto","background-attachment":"scroll","background-type":"","background-media":"","overlay-type":"","overlay-color":"","overlay-opacity":"","overlay-gradient":""},"mobile":{"background-color":"","background-image":"","background-repeat":"repeat","background-position":"center center","background-size":"auto","background-attachment":"scroll","background-type":"","background-media":"","overlay-type":"","overlay-color":"","overlay-opacity":"","overlay-gradient":""}},"ast-content-background-meta":{"desktop":{"background-color":"var(--ast-global-color-5)","background-image":"","background-repeat":"repeat","background-position":"center center","background-size":"auto","background-attachment":"scroll","background-type":"","background-media":"","overlay-type":"","overlay-color":"","overlay-opacity":"","overlay-gradient":""},"tablet":{"background-color":"var(--ast-global-color-5)","background-image":"","background-repeat":"repeat","background-position":"center center","background-size":"auto","background-attachment":"scroll","background-type":"","background-media":"","overlay-type":"","overlay-color":"","overlay-opacity":"","overlay-gradient":""},"mobile":{"background-color":"var(--ast-global-color-5)","background-image":"","background-repeat":"repeat","background-position":"center center","background-size":"auto","background-attachment":"scroll","background-type":"","background-media":"","overlay-type":"","overlay-color":"","overlay-opacity":"","overlay-gradient":""}}},"product_brand":[],"product_cat":[23],"product_tag":[],"class_list":{"0":"post-5791","1":"product","2":"type-product","3":"status-publish","4":"has-post-thumbnail","6":"product_cat-fruits","7":"desktop-align-center","8":"tablet-align-center","9":"mobile-align-center","11":"first","12":"instock","13":"shipping-taxable","14":"purchasable","15":"product-type-simple"},"aioseo_notices":[],"uagb_featured_image_src":{"full":["https:\/\/riyoupro.com\/wp-content\/uploads\/2025\/07\/PASTEQUES.jpg",600,350,false],"thumbnail":["https:\/\/riyoupro.com\/wp-content\/uploads\/2025\/07\/PASTEQUES-150x150.jpg",150,150,true],"medium":["https:\/\/riyoupro.com\/wp-content\/uploads\/2025\/07\/PASTEQUES-300x175.jpg",300,175,true],"medium_large":["https:\/\/riyoupro.com\/wp-content\/uploads\/2025\/07\/PASTEQUES.jpg",600,350,false],"large":["https:\/\/riyoupro.com\/wp-content\/uploads\/2025\/07\/PASTEQUES.jpg",600,350,false],"1536x1536":["https:\/\/riyoupro.com\/wp-content\/uploads\/2025\/07\/PASTEQUES.jpg",600,350,false],"2048x2048":["https:\/\/riyoupro.com\/wp-content\/uploads\/2025\/07\/PASTEQUES.jpg",600,350,false],"trp-custom-language-flag":["https:\/\/riyoupro.com\/wp-content\/uploads\/2025\/07\/PASTEQUES.jpg",18,12,false],"woocommerce_thumbnail":["https:\/\/riyoupro.com\/wp-content\/uploads\/2025\/07\/PASTEQUES-300x300.jpg",300,300,true],"woocommerce_single":["https:\/\/riyoupro.com\/wp-content\/uploads\/2025\/07\/PASTEQUES.jpg",600,350,false],"woocommerce_gallery_thumbnail":["https:\/\/riyoupro.com\/wp-content\/uploads\/2025\/07\/PASTEQUES-100x100.jpg",100,100,true]},"uagb_author_info":{"display_name":"kancar","author_link":"https:\/\/riyoupro.com\/ar\/author\/"},"uagb_comment_info":0,"uagb_excerpt":"La past\u00e8que est un fruit incontournable de l'\u00e9t\u00e9, reconnue pour sa chair juteuse, sucr\u00e9e et rafra\u00eechissante. Riche en eau et en vitamines, elle d\u00e9salt\u00e8re naturellement lors des journ\u00e9es chaudes et constitue une excellente source d\u2019hydratation. Parfaite en tranches, en salades de fruits ou en smoothies, la past\u00e8que est appr\u00e9ci\u00e9e de tous, petits et grands.","_links":{"self":[{"href":"https:\/\/riyoupro.com\/ar\/wp-json\/wp\/v2\/product\/5791","targetHints":{"allow":["GET"]}}],"collection":[{"href":"https:\/\/riyoupro.com\/ar\/wp-json\/wp\/v2\/product"}],"about":[{"href":"https:\/\/riyoupro.com\/ar\/wp-json\/wp\/v2\/types\/product"}],"replies":[{"embeddable":true,"href":"https:\/\/riyoupro.com\/ar\/wp-json\/wp\/v2\/comments?post=5791"}],"wp:featuredmedia":[{"embeddable":true,"href":"https:\/\/riyoupro.com\/ar\/wp-json\/wp\/v2\/media\/5755"}],"wp:attachment":[{"href":"https:\/\/riyoupro.com\/ar\/wp-json\/wp\/v2\/media?parent=5791"}],"wp:term":[{"taxonomy":"product_brand","embeddable":true,"href":"https:\/\/riyoupro.com\/ar\/wp-json\/wp\/v2\/product_brand?post=5791"},{"taxonomy":"product_cat","embeddable":true,"href":"https:\/\/riyoupro.com\/ar\/wp-json\/wp\/v2\/product_cat?post=5791"},{"taxonomy":"product_tag","embeddable":true,"href":"https:\/\/riyoupro.com\/ar\/wp-json\/wp\/v2\/product_tag?post=5791"}],"curies":[{"name":"wp","href":"https:\/\/api.w.org\/{rel}","templated":true}]}}