{"id":5788,"date":"2025-07-24T14:16:23","date_gmt":"2025-07-24T14:16:23","guid":{"rendered":"https:\/\/riyoupro.com\/?post_type=product&#038;p=5788"},"modified":"2025-07-24T16:29:46","modified_gmt":"2025-07-24T16:29:46","slug":"betterave","status":"publish","type":"product","link":"https:\/\/riyoupro.com\/ar\/product\/betterave\/","title":{"rendered":"\u0628\u0646\u062c\u0631"},"content":{"rendered":"<p>\u062a\u064f\u0639\u0631\u0641 \u0627\u0644\u0634\u0645\u0646\u062f\u0631 \u0627\u0644\u0623\u062d\u0645\u0631 \u0628\u0644\u062d\u0645\u0647\u0627 \u0627\u0644\u062d\u0644\u0648 \u0648\u0644\u0648\u0646\u0647\u0627 \u0627\u0644\u062c\u0645\u064a\u0644. \u062a\u0624\u0643\u0644 \u0646\u064a\u0626\u0629 \u0623\u0648 \u0645\u0628\u0634\u0648\u0631\u0629 \u0623\u0648 \u0645\u0637\u0628\u0648\u062e\u0629 \u0623\u0648 \u0643\u0639\u0635\u064a\u0631\u060c \u0648\u062a\u0645\u0646\u062d \u0627\u0644\u062d\u064a\u0648\u064a\u0629 \u0648\u0645\u0636\u0627\u062f\u0627\u062a \u0627\u0644\u0623\u0643\u0633\u062f\u0629.<\/p>","protected":false},"excerpt":{"rendered":"<p>\u062a\u064f\u0639\u0631\u0641 \u0627\u0644\u0634\u0645\u0646\u062f\u0631 \u0627\u0644\u0623\u062d\u0645\u0631 \u0628\u0644\u062d\u0645\u0647\u0627 \u0627\u0644\u062d\u0644\u0648 \u0648\u0644\u0648\u0646\u0647\u0627 \u0627\u0644\u062c\u0645\u064a\u0644. \u062a\u0624\u0643\u0644 \u0646\u064a\u0626\u0629 \u0623\u0648 \u0645\u0628\u0634\u0648\u0631\u0629 \u0623\u0648 \u0645\u0637\u0628\u0648\u062e\u0629 \u0623\u0648 \u0643\u0639\u0635\u064a\u0631\u060c \u0648\u062a\u0645\u0646\u062d \u0627\u0644\u062d\u064a\u0648\u064a\u0629 \u0648\u0645\u0636\u0627\u062f\u0627\u062a \u0627\u0644\u0623\u0643\u0633\u062f\u0629.<\/p>","protected":false},"featured_media":5746,"comment_status":"open","ping_status":"closed","template":"","meta":{"_uag_custom_page_level_css":"","site-sidebar-layout":"default","site-content-layout":"","ast-site-content-layout":"default","site-content-style":"default","site-sidebar-style":"default","ast-global-header-display":"","ast-banner-title-visibility":"","ast-main-header-display":"","ast-hfb-above-header-display":"","ast-hfb-below-header-display":"","ast-hfb-mobile-header-display":"","site-post-title":"","ast-breadcrumbs-content":"","ast-featured-img":"","footer-sml-layout":"","theme-transparent-header-meta":"default","adv-header-id-meta":"","stick-header-meta":"","header-above-stick-meta":"","header-main-stick-meta":"","header-below-stick-meta":"","astra-migrate-meta-layouts":"set","ast-page-background-enabled":"default","ast-page-background-meta":{"desktop":{"background-color":"","background-image":"","background-repeat":"repeat","background-position":"center center","background-size":"auto","background-attachment":"scroll","background-type":"","background-media":"","overlay-type":"","overlay-color":"","overlay-opacity":"","overlay-gradient":""},"tablet":{"background-color":"","background-image":"","background-repeat":"repeat","background-position":"center center","background-size":"auto","background-attachment":"scroll","background-type":"","background-media":"","overlay-type":"","overlay-color":"","overlay-opacity":"","overlay-gradient":""},"mobile":{"background-color":"","background-image":"","background-repeat":"repeat","background-position":"center center","background-size":"auto","background-attachment":"scroll","background-type":"","background-media":"","overlay-type":"","overlay-color":"","overlay-opacity":"","overlay-gradient":""}},"ast-content-background-meta":{"desktop":{"background-color":"var(--ast-global-color-5)","background-image":"","background-repeat":"repeat","background-position":"center center","background-size":"auto","background-attachment":"scroll","background-type":"","background-media":"","overlay-type":"","overlay-color":"","overlay-opacity":"","overlay-gradient":""},"tablet":{"background-color":"var(--ast-global-color-5)","background-image":"","background-repeat":"repeat","background-position":"center center","background-size":"auto","background-attachment":"scroll","background-type":"","background-media":"","overlay-type":"","overlay-color":"","overlay-opacity":"","overlay-gradient":""},"mobile":{"background-color":"var(--ast-global-color-5)","background-image":"","background-repeat":"repeat","background-position":"center center","background-size":"auto","background-attachment":"scroll","background-type":"","background-media":"","overlay-type":"","overlay-color":"","overlay-opacity":"","overlay-gradient":""}}},"product_brand":[],"product_cat":[24],"product_tag":[],"class_list":{"0":"post-5788","1":"product","2":"type-product","3":"status-publish","4":"has-post-thumbnail","6":"product_cat-legumes","7":"desktop-align-center","8":"tablet-align-center","9":"mobile-align-center","11":"first","12":"instock","13":"shipping-taxable","14":"purchasable","15":"product-type-simple"},"aioseo_notices":[],"uagb_featured_image_src":{"full":["https:\/\/riyoupro.com\/wp-content\/uploads\/2025\/07\/beets-2861272_1920_Fotor-e1584199267653.jpg",900,506,false],"thumbnail":["https:\/\/riyoupro.com\/wp-content\/uploads\/2025\/07\/beets-2861272_1920_Fotor-e1584199267653-150x150.jpg",150,150,true],"medium":["https:\/\/riyoupro.com\/wp-content\/uploads\/2025\/07\/beets-2861272_1920_Fotor-e1584199267653-300x169.jpg",300,169,true],"medium_large":["https:\/\/riyoupro.com\/wp-content\/uploads\/2025\/07\/beets-2861272_1920_Fotor-e1584199267653-768x432.jpg",768,432,true],"large":["https:\/\/riyoupro.com\/wp-content\/uploads\/2025\/07\/beets-2861272_1920_Fotor-e1584199267653.jpg",900,506,false],"1536x1536":["https:\/\/riyoupro.com\/wp-content\/uploads\/2025\/07\/beets-2861272_1920_Fotor-e1584199267653.jpg",900,506,false],"2048x2048":["https:\/\/riyoupro.com\/wp-content\/uploads\/2025\/07\/beets-2861272_1920_Fotor-e1584199267653.jpg",900,506,false],"trp-custom-language-flag":["https:\/\/riyoupro.com\/wp-content\/uploads\/2025\/07\/beets-2861272_1920_Fotor-e1584199267653.jpg",18,10,false],"woocommerce_thumbnail":["https:\/\/riyoupro.com\/wp-content\/uploads\/2025\/07\/beets-2861272_1920_Fotor-e1584199267653-300x300.jpg",300,300,true],"woocommerce_single":["https:\/\/riyoupro.com\/wp-content\/uploads\/2025\/07\/beets-2861272_1920_Fotor-e1584199267653-600x337.jpg",600,337,true],"woocommerce_gallery_thumbnail":["https:\/\/riyoupro.com\/wp-content\/uploads\/2025\/07\/beets-2861272_1920_Fotor-e1584199267653-100x100.jpg",100,100,true]},"uagb_author_info":{"display_name":"kancar","author_link":"https:\/\/riyoupro.com\/ar\/author\/"},"uagb_comment_info":0,"uagb_excerpt":"Les betteraves rouges sont r\u00e9put\u00e9es pour leur chair sucr\u00e9e et leur belle couleur. Elles se consomment crues, r\u00e2p\u00e9es, cuites ou en jus, apportant vitalit\u00e9 et antioxydants.","_links":{"self":[{"href":"https:\/\/riyoupro.com\/ar\/wp-json\/wp\/v2\/product\/5788","targetHints":{"allow":["GET"]}}],"collection":[{"href":"https:\/\/riyoupro.com\/ar\/wp-json\/wp\/v2\/product"}],"about":[{"href":"https:\/\/riyoupro.com\/ar\/wp-json\/wp\/v2\/types\/product"}],"replies":[{"embeddable":true,"href":"https:\/\/riyoupro.com\/ar\/wp-json\/wp\/v2\/comments?post=5788"}],"wp:featuredmedia":[{"embeddable":true,"href":"https:\/\/riyoupro.com\/ar\/wp-json\/wp\/v2\/media\/5746"}],"wp:attachment":[{"href":"https:\/\/riyoupro.com\/ar\/wp-json\/wp\/v2\/media?parent=5788"}],"wp:term":[{"taxonomy":"product_brand","embeddable":true,"href":"https:\/\/riyoupro.com\/ar\/wp-json\/wp\/v2\/product_brand?post=5788"},{"taxonomy":"product_cat","embeddable":true,"href":"https:\/\/riyoupro.com\/ar\/wp-json\/wp\/v2\/product_cat?post=5788"},{"taxonomy":"product_tag","embeddable":true,"href":"https:\/\/riyoupro.com\/ar\/wp-json\/wp\/v2\/product_tag?post=5788"}],"curies":[{"name":"wp","href":"https:\/\/api.w.org\/{rel}","templated":true}]}}