{"id":5786,"date":"2025-07-24T14:13:54","date_gmt":"2025-07-24T14:13:54","guid":{"rendered":"https:\/\/riyoupro.com\/?post_type=product&#038;p=5786"},"modified":"2025-07-24T16:29:52","modified_gmt":"2025-07-24T16:29:52","slug":"courgettes","status":"publish","type":"product","link":"https:\/\/riyoupro.com\/ar\/product\/courgettes\/","title":{"rendered":"\u0643\u0648\u0633\u0627"},"content":{"rendered":"<p>\u0627\u0644\u0643\u0648\u0633\u0629 \u0627\u0644\u062e\u0636\u0631\u0627\u0621\u060c \u0627\u0644\u0637\u0631\u064a\u0629 \u0648\u0627\u0644\u0645\u062a\u0639\u062f\u062f\u0629 \u0627\u0644\u0627\u0633\u062a\u062e\u062f\u0627\u0645\u0627\u062a\u060c \u0644\u0627 \u063a\u0646\u0649 \u0639\u0646\u0647\u0627 \u0641\u064a \u0627\u0644\u0645\u0637\u0628\u062e. \u064a\u0645\u0643\u0646 \u062a\u062d\u0636\u064a\u0631\u0647\u0627 \u0628\u0639\u062f\u0629 \u0637\u0631\u0642: \u0645\u0634\u0648\u064a\u0629\u060c \u0645\u062d\u0634\u0648\u0629\u060c \u0645\u0642\u0644\u064a\u0629 \u0623\u0648 \u062d\u062a\u0649 \u0643\u0634\u0631\u0627\u0626\u062d \u0637\u0648\u064a\u0644\u0629.<\/p>","protected":false},"excerpt":{"rendered":"<p>\u0627\u0644\u0643\u0648\u0633\u0629 \u0627\u0644\u062e\u0636\u0631\u0627\u0621\u060c \u0627\u0644\u0637\u0631\u064a\u0629 \u0648\u0627\u0644\u0645\u062a\u0639\u062f\u062f\u0629 \u0627\u0644\u0627\u0633\u062a\u062e\u062f\u0627\u0645\u0627\u062a\u060c \u0644\u0627 \u063a\u0646\u0649 \u0639\u0646\u0647\u0627 \u0641\u064a \u0627\u0644\u0645\u0637\u0628\u062e. \u064a\u0645\u0643\u0646 \u062a\u062d\u0636\u064a\u0631\u0647\u0627 \u0628\u0639\u062f\u0629 \u0637\u0631\u0642: \u0645\u0634\u0648\u064a\u0629\u060c \u0645\u062d\u0634\u0648\u0629\u060c \u0645\u0642\u0644\u064a\u0629 \u0623\u0648 \u062d\u062a\u0649 \u0643\u0634\u0631\u0627\u0626\u062d \u0637\u0648\u064a\u0644\u0629.<\/p>","protected":false},"featured_media":5736,"comment_status":"open","ping_status":"closed","template":"","meta":{"_uag_custom_page_level_css":"","site-sidebar-layout":"default","site-content-layout":"","ast-site-content-layout":"default","site-content-style":"default","site-sidebar-style":"default","ast-global-header-display":"","ast-banner-title-visibility":"","ast-main-header-display":"","ast-hfb-above-header-display":"","ast-hfb-below-header-display":"","ast-hfb-mobile-header-display":"","site-post-title":"","ast-breadcrumbs-content":"","ast-featured-img":"","footer-sml-layout":"","theme-transparent-header-meta":"default","adv-header-id-meta":"","stick-header-meta":"","header-above-stick-meta":"","header-main-stick-meta":"","header-below-stick-meta":"","astra-migrate-meta-layouts":"set","ast-page-background-enabled":"default","ast-page-background-meta":{"desktop":{"background-color":"","background-image":"","background-repeat":"repeat","background-position":"center center","background-size":"auto","background-attachment":"scroll","background-type":"","background-media":"","overlay-type":"","overlay-color":"","overlay-opacity":"","overlay-gradient":""},"tablet":{"background-color":"","background-image":"","background-repeat":"repeat","background-position":"center center","background-size":"auto","background-attachment":"scroll","background-type":"","background-media":"","overlay-type":"","overlay-color":"","overlay-opacity":"","overlay-gradient":""},"mobile":{"background-color":"","background-image":"","background-repeat":"repeat","background-position":"center center","background-size":"auto","background-attachment":"scroll","background-type":"","background-media":"","overlay-type":"","overlay-color":"","overlay-opacity":"","overlay-gradient":""}},"ast-content-background-meta":{"desktop":{"background-color":"var(--ast-global-color-5)","background-image":"","background-repeat":"repeat","background-position":"center center","background-size":"auto","background-attachment":"scroll","background-type":"","background-media":"","overlay-type":"","overlay-color":"","overlay-opacity":"","overlay-gradient":""},"tablet":{"background-color":"var(--ast-global-color-5)","background-image":"","background-repeat":"repeat","background-position":"center center","background-size":"auto","background-attachment":"scroll","background-type":"","background-media":"","overlay-type":"","overlay-color":"","overlay-opacity":"","overlay-gradient":""},"mobile":{"background-color":"var(--ast-global-color-5)","background-image":"","background-repeat":"repeat","background-position":"center center","background-size":"auto","background-attachment":"scroll","background-type":"","background-media":"","overlay-type":"","overlay-color":"","overlay-opacity":"","overlay-gradient":""}}},"product_brand":[],"product_cat":[24],"product_tag":[],"class_list":{"0":"post-5786","1":"product","2":"type-product","3":"status-publish","4":"has-post-thumbnail","6":"product_cat-legumes","7":"desktop-align-center","8":"tablet-align-center","9":"mobile-align-center","11":"first","12":"instock","13":"shipping-taxable","14":"purchasable","15":"product-type-simple"},"aioseo_notices":[],"uagb_featured_image_src":{"full":["https:\/\/riyoupro.com\/wp-content\/uploads\/2025\/07\/2592803502.jpg",366,400,false],"thumbnail":["https:\/\/riyoupro.com\/wp-content\/uploads\/2025\/07\/2592803502-150x150.jpg",150,150,true],"medium":["https:\/\/riyoupro.com\/wp-content\/uploads\/2025\/07\/2592803502-275x300.jpg",275,300,true],"medium_large":["https:\/\/riyoupro.com\/wp-content\/uploads\/2025\/07\/2592803502.jpg",366,400,false],"large":["https:\/\/riyoupro.com\/wp-content\/uploads\/2025\/07\/2592803502.jpg",366,400,false],"1536x1536":["https:\/\/riyoupro.com\/wp-content\/uploads\/2025\/07\/2592803502.jpg",366,400,false],"2048x2048":["https:\/\/riyoupro.com\/wp-content\/uploads\/2025\/07\/2592803502.jpg",366,400,false],"trp-custom-language-flag":["https:\/\/riyoupro.com\/wp-content\/uploads\/2025\/07\/2592803502.jpg",11,12,false],"woocommerce_thumbnail":["https:\/\/riyoupro.com\/wp-content\/uploads\/2025\/07\/2592803502-300x300.jpg",300,300,true],"woocommerce_single":["https:\/\/riyoupro.com\/wp-content\/uploads\/2025\/07\/2592803502.jpg",366,400,false],"woocommerce_gallery_thumbnail":["https:\/\/riyoupro.com\/wp-content\/uploads\/2025\/07\/2592803502-100x100.jpg",100,100,true]},"uagb_author_info":{"display_name":"kancar","author_link":"https:\/\/riyoupro.com\/ar\/author\/"},"uagb_comment_info":0,"uagb_excerpt":"Les courgettes vertes, tendres et polyvalentes, sont indispensables en cuisine. Elles se pr\u00eatent \u00e0 de nombreuses pr\u00e9parations : grill\u00e9es, farcies, saut\u00e9es ou m\u00eame en tagliatelles.","_links":{"self":[{"href":"https:\/\/riyoupro.com\/ar\/wp-json\/wp\/v2\/product\/5786","targetHints":{"allow":["GET"]}}],"collection":[{"href":"https:\/\/riyoupro.com\/ar\/wp-json\/wp\/v2\/product"}],"about":[{"href":"https:\/\/riyoupro.com\/ar\/wp-json\/wp\/v2\/types\/product"}],"replies":[{"embeddable":true,"href":"https:\/\/riyoupro.com\/ar\/wp-json\/wp\/v2\/comments?post=5786"}],"wp:featuredmedia":[{"embeddable":true,"href":"https:\/\/riyoupro.com\/ar\/wp-json\/wp\/v2\/media\/5736"}],"wp:attachment":[{"href":"https:\/\/riyoupro.com\/ar\/wp-json\/wp\/v2\/media?parent=5786"}],"wp:term":[{"taxonomy":"product_brand","embeddable":true,"href":"https:\/\/riyoupro.com\/ar\/wp-json\/wp\/v2\/product_brand?post=5786"},{"taxonomy":"product_cat","embeddable":true,"href":"https:\/\/riyoupro.com\/ar\/wp-json\/wp\/v2\/product_cat?post=5786"},{"taxonomy":"product_tag","embeddable":true,"href":"https:\/\/riyoupro.com\/ar\/wp-json\/wp\/v2\/product_tag?post=5786"}],"curies":[{"name":"wp","href":"https:\/\/api.w.org\/{rel}","templated":true}]}}