{"id":5785,"date":"2025-07-24T14:12:29","date_gmt":"2025-07-24T14:12:29","guid":{"rendered":"https:\/\/riyoupro.com\/?post_type=product&#038;p=5785"},"modified":"2025-07-24T16:29:55","modified_gmt":"2025-07-24T16:29:55","slug":"courges","status":"publish","type":"product","link":"https:\/\/riyoupro.com\/ar\/product\/courges\/","title":{"rendered":"\u064a\u0642\u0637\u064a\u0646"},"content":{"rendered":"<p>\u0627\u0644\u064a\u0642\u0637\u064a\u0646 (\u0627\u0644\u0642\u0631\u0639 \u0627\u0644\u0639\u0633\u0644\u064a) \u0630\u0648 \u0627\u0644\u0644\u0628 \u0627\u0644\u0646\u0627\u0639\u0645 \u0648\u0627\u0644\u0645\u062e\u0645\u0644\u064a \u0647\u0648 \u062e\u0636\u0627\u0631 \u0623\u0633\u0627\u0633\u064a \u0641\u064a \u0641\u0635\u0644 \u0627\u0644\u062e\u0631\u064a\u0641. \u0645\u062b\u0627\u0644\u064a \u0644\u0644\u0634\u0648\u0631\u0628\u0627\u062a \u0648\u0627\u0644\u063a\u0631\u0627\u062a\u0627\u0646 \u0648\u0627\u0644\u0645\u0647\u0631\u0648\u0633\u060c \u0648\u064a\u062a\u0645\u064a\u0632 \u0628\u0645\u0630\u0627\u0642\u0647 \u0627\u0644\u062d\u0644\u0648 \u0627\u0644\u0645\u062d\u0628\u0648\u0628.<\/p>","protected":false},"excerpt":{"rendered":"<p>\u0627\u0644\u064a\u0642\u0637\u064a\u0646 (\u0627\u0644\u0642\u0631\u0639 \u0627\u0644\u0639\u0633\u0644\u064a) \u0630\u0648 \u0627\u0644\u0644\u0628 \u0627\u0644\u0646\u0627\u0639\u0645 \u0648\u0627\u0644\u0645\u062e\u0645\u0644\u064a \u0647\u0648 \u062e\u0636\u0627\u0631 \u0623\u0633\u0627\u0633\u064a \u0641\u064a \u0641\u0635\u0644 \u0627\u0644\u062e\u0631\u064a\u0641. \u0645\u062b\u0627\u0644\u064a \u0644\u0644\u0634\u0648\u0631\u0628\u0627\u062a \u0648\u0627\u0644\u063a\u0631\u0627\u062a\u0627\u0646 \u0648\u0627\u0644\u0645\u0647\u0631\u0648\u0633\u060c \u0648\u064a\u062a\u0645\u064a\u0632 \u0628\u0645\u0630\u0627\u0642\u0647 \u0627\u0644\u062d\u0644\u0648 \u0627\u0644\u0645\u062d\u0628\u0648\u0628.<\/p>","protected":false},"featured_media":5763,"comment_status":"open","ping_status":"closed","template":"","meta":{"_uag_custom_page_level_css":"","site-sidebar-layout":"default","site-content-layout":"","ast-site-content-layout":"default","site-content-style":"default","site-sidebar-style":"default","ast-global-header-display":"","ast-banner-title-visibility":"","ast-main-header-display":"","ast-hfb-above-header-display":"","ast-hfb-below-header-display":"","ast-hfb-mobile-header-display":"","site-post-title":"","ast-breadcrumbs-content":"","ast-featured-img":"","footer-sml-layout":"","theme-transparent-header-meta":"default","adv-header-id-meta":"","stick-header-meta":"","header-above-stick-meta":"","header-main-stick-meta":"","header-below-stick-meta":"","astra-migrate-meta-layouts":"set","ast-page-background-enabled":"default","ast-page-background-meta":{"desktop":{"background-color":"","background-image":"","background-repeat":"repeat","background-position":"center center","background-size":"auto","background-attachment":"scroll","background-type":"","background-media":"","overlay-type":"","overlay-color":"","overlay-opacity":"","overlay-gradient":""},"tablet":{"background-color":"","background-image":"","background-repeat":"repeat","background-position":"center center","background-size":"auto","background-attachment":"scroll","background-type":"","background-media":"","overlay-type":"","overlay-color":"","overlay-opacity":"","overlay-gradient":""},"mobile":{"background-color":"","background-image":"","background-repeat":"repeat","background-position":"center center","background-size":"auto","background-attachment":"scroll","background-type":"","background-media":"","overlay-type":"","overlay-color":"","overlay-opacity":"","overlay-gradient":""}},"ast-content-background-meta":{"desktop":{"background-color":"var(--ast-global-color-5)","background-image":"","background-repeat":"repeat","background-position":"center center","background-size":"auto","background-attachment":"scroll","background-type":"","background-media":"","overlay-type":"","overlay-color":"","overlay-opacity":"","overlay-gradient":""},"tablet":{"background-color":"var(--ast-global-color-5)","background-image":"","background-repeat":"repeat","background-position":"center center","background-size":"auto","background-attachment":"scroll","background-type":"","background-media":"","overlay-type":"","overlay-color":"","overlay-opacity":"","overlay-gradient":""},"mobile":{"background-color":"var(--ast-global-color-5)","background-image":"","background-repeat":"repeat","background-position":"center center","background-size":"auto","background-attachment":"scroll","background-type":"","background-media":"","overlay-type":"","overlay-color":"","overlay-opacity":"","overlay-gradient":""}}},"product_brand":[],"product_cat":[24],"product_tag":[],"class_list":{"0":"post-5785","1":"product","2":"type-product","3":"status-publish","4":"has-post-thumbnail","6":"product_cat-legumes","7":"desktop-align-center","8":"tablet-align-center","9":"mobile-align-center","11":"first","12":"instock","13":"shipping-taxable","14":"purchasable","15":"product-type-simple"},"aioseo_notices":[],"uagb_featured_image_src":{"full":["https:\/\/riyoupro.com\/wp-content\/uploads\/2025\/07\/Zucca-butternut.jpg",762,762,false],"thumbnail":["https:\/\/riyoupro.com\/wp-content\/uploads\/2025\/07\/Zucca-butternut-150x150.jpg",150,150,true],"medium":["https:\/\/riyoupro.com\/wp-content\/uploads\/2025\/07\/Zucca-butternut-300x300.jpg",300,300,true],"medium_large":["https:\/\/riyoupro.com\/wp-content\/uploads\/2025\/07\/Zucca-butternut.jpg",762,762,false],"large":["https:\/\/riyoupro.com\/wp-content\/uploads\/2025\/07\/Zucca-butternut.jpg",762,762,false],"1536x1536":["https:\/\/riyoupro.com\/wp-content\/uploads\/2025\/07\/Zucca-butternut.jpg",762,762,false],"2048x2048":["https:\/\/riyoupro.com\/wp-content\/uploads\/2025\/07\/Zucca-butternut.jpg",762,762,false],"trp-custom-language-flag":["https:\/\/riyoupro.com\/wp-content\/uploads\/2025\/07\/Zucca-butternut.jpg",12,12,false],"woocommerce_thumbnail":["https:\/\/riyoupro.com\/wp-content\/uploads\/2025\/07\/Zucca-butternut-300x300.jpg",300,300,true],"woocommerce_single":["https:\/\/riyoupro.com\/wp-content\/uploads\/2025\/07\/Zucca-butternut-600x600.jpg",600,600,true],"woocommerce_gallery_thumbnail":["https:\/\/riyoupro.com\/wp-content\/uploads\/2025\/07\/Zucca-butternut-100x100.jpg",100,100,true]},"uagb_author_info":{"display_name":"kancar","author_link":"https:\/\/riyoupro.com\/ar\/author\/"},"uagb_comment_info":0,"uagb_excerpt":"La courge butternut, \u00e0 la chair douce et velout\u00e9e, est un l\u00e9gume incontournable de l\u2019automne. Parfaite pour les soupes, gratins et pur\u00e9es, elle est tr\u00e8s appr\u00e9ci\u00e9e pour sa saveur sucr\u00e9e.","_links":{"self":[{"href":"https:\/\/riyoupro.com\/ar\/wp-json\/wp\/v2\/product\/5785","targetHints":{"allow":["GET"]}}],"collection":[{"href":"https:\/\/riyoupro.com\/ar\/wp-json\/wp\/v2\/product"}],"about":[{"href":"https:\/\/riyoupro.com\/ar\/wp-json\/wp\/v2\/types\/product"}],"replies":[{"embeddable":true,"href":"https:\/\/riyoupro.com\/ar\/wp-json\/wp\/v2\/comments?post=5785"}],"wp:featuredmedia":[{"embeddable":true,"href":"https:\/\/riyoupro.com\/ar\/wp-json\/wp\/v2\/media\/5763"}],"wp:attachment":[{"href":"https:\/\/riyoupro.com\/ar\/wp-json\/wp\/v2\/media?parent=5785"}],"wp:term":[{"taxonomy":"product_brand","embeddable":true,"href":"https:\/\/riyoupro.com\/ar\/wp-json\/wp\/v2\/product_brand?post=5785"},{"taxonomy":"product_cat","embeddable":true,"href":"https:\/\/riyoupro.com\/ar\/wp-json\/wp\/v2\/product_cat?post=5785"},{"taxonomy":"product_tag","embeddable":true,"href":"https:\/\/riyoupro.com\/ar\/wp-json\/wp\/v2\/product_tag?post=5785"}],"curies":[{"name":"wp","href":"https:\/\/api.w.org\/{rel}","templated":true}]}}