{"id":5781,"date":"2025-07-24T14:08:02","date_gmt":"2025-07-24T14:08:02","guid":{"rendered":"https:\/\/riyoupro.com\/?post_type=product&#038;p=5781"},"modified":"2025-07-24T16:30:07","modified_gmt":"2025-07-24T16:30:07","slug":"bissap-bio","status":"publish","type":"product","link":"https:\/\/riyoupro.com\/ar\/product\/bissap-bio\/","title":{"rendered":"\u0633\u0628\u0627\u0646\u062e \u0639\u0636\u0648\u064a"},"content":{"rendered":"<p>\u062a\u064f\u0633\u062a\u062e\u062f\u0645 \u0628\u0631\u0627\u0639\u0645 \u0632\u0647\u0648\u0631 \u0627\u0644\u0643\u0631\u0643\u062f\u064a\u0647 \u0644\u062a\u062d\u0636\u064a\u0631 \u0645\u0634\u0631\u0648\u0628 \u0627\u0644\u0628\u0633\u0627\u0628 \u0627\u0644\u0634\u0647\u064a\u0631 \u0627\u0644\u0645\u0646\u0639\u0634 \u0648\u0627\u0644\u063a\u0646\u064a \u0628\u0645\u0636\u0627\u062f\u0627\u062a \u0627\u0644\u0623\u0643\u0633\u062f\u0629. \u064a\u0645\u0643\u0646 \u0623\u064a\u0636\u064b\u0627 \u0627\u0633\u062a\u062e\u062f\u0627\u0645\u0647\u0627 \u0644\u0625\u0636\u0641\u0627\u0621 \u0627\u0644\u0646\u0643\u0647\u0629 \u0639\u0644\u0649 \u0627\u0644\u0645\u0634\u0631\u0648\u0628\u0627\u062a \u0627\u0644\u0633\u0627\u062e\u0646\u0629 \u0648\u0627\u0644\u062d\u0644\u0648\u064a\u0627\u062a.<\/p>","protected":false},"excerpt":{"rendered":"<p>\u062a\u064f\u0633\u062a\u062e\u062f\u0645 \u0628\u0631\u0627\u0639\u0645 \u0632\u0647\u0648\u0631 \u0627\u0644\u0643\u0631\u0643\u062f\u064a\u0647 \u0644\u062a\u062d\u0636\u064a\u0631 \u0645\u0634\u0631\u0648\u0628 \u0627\u0644\u0628\u0633\u0627\u0628 \u0627\u0644\u0634\u0647\u064a\u0631 \u0627\u0644\u0645\u0646\u0639\u0634 \u0648\u0627\u0644\u063a\u0646\u064a \u0628\u0645\u0636\u0627\u062f\u0627\u062a \u0627\u0644\u0623\u0643\u0633\u062f\u0629. \u064a\u0645\u0643\u0646 \u0623\u064a\u0636\u064b\u0627 \u0627\u0633\u062a\u062e\u062f\u0627\u0645\u0647\u0627 \u0644\u0625\u0636\u0641\u0627\u0621 \u0627\u0644\u0646\u0643\u0647\u0629 \u0639\u0644\u0649 \u0627\u0644\u0645\u0634\u0631\u0648\u0628\u0627\u062a \u0627\u0644\u0633\u0627\u062e\u0646\u0629 \u0648\u0627\u0644\u062d\u0644\u0648\u064a\u0627\u062a.<\/p>","protected":false},"featured_media":5728,"comment_status":"open","ping_status":"closed","template":"","meta":{"_uag_custom_page_level_css":"","site-sidebar-layout":"default","site-content-layout":"","ast-site-content-layout":"default","site-content-style":"default","site-sidebar-style":"default","ast-global-header-display":"","ast-banner-title-visibility":"","ast-main-header-display":"","ast-hfb-above-header-display":"","ast-hfb-below-header-display":"","ast-hfb-mobile-header-display":"","site-post-title":"","ast-breadcrumbs-content":"","ast-featured-img":"","footer-sml-layout":"","theme-transparent-header-meta":"default","adv-header-id-meta":"","stick-header-meta":"","header-above-stick-meta":"","header-main-stick-meta":"","header-below-stick-meta":"","astra-migrate-meta-layouts":"set","ast-page-background-enabled":"default","ast-page-background-meta":{"desktop":{"background-color":"","background-image":"","background-repeat":"repeat","background-position":"center center","background-size":"auto","background-attachment":"scroll","background-type":"","background-media":"","overlay-type":"","overlay-color":"","overlay-opacity":"","overlay-gradient":""},"tablet":{"background-color":"","background-image":"","background-repeat":"repeat","background-position":"center center","background-size":"auto","background-attachment":"scroll","background-type":"","background-media":"","overlay-type":"","overlay-color":"","overlay-opacity":"","overlay-gradient":""},"mobile":{"background-color":"","background-image":"","background-repeat":"repeat","background-position":"center center","background-size":"auto","background-attachment":"scroll","background-type":"","background-media":"","overlay-type":"","overlay-color":"","overlay-opacity":"","overlay-gradient":""}},"ast-content-background-meta":{"desktop":{"background-color":"var(--ast-global-color-5)","background-image":"","background-repeat":"repeat","background-position":"center center","background-size":"auto","background-attachment":"scroll","background-type":"","background-media":"","overlay-type":"","overlay-color":"","overlay-opacity":"","overlay-gradient":""},"tablet":{"background-color":"var(--ast-global-color-5)","background-image":"","background-repeat":"repeat","background-position":"center center","background-size":"auto","background-attachment":"scroll","background-type":"","background-media":"","overlay-type":"","overlay-color":"","overlay-opacity":"","overlay-gradient":""},"mobile":{"background-color":"var(--ast-global-color-5)","background-image":"","background-repeat":"repeat","background-position":"center center","background-size":"auto","background-attachment":"scroll","background-type":"","background-media":"","overlay-type":"","overlay-color":"","overlay-opacity":"","overlay-gradient":""}}},"product_brand":[],"product_cat":[24],"product_tag":[],"class_list":{"0":"post-5781","1":"product","2":"type-product","3":"status-publish","4":"has-post-thumbnail","6":"product_cat-legumes","7":"desktop-align-center","8":"tablet-align-center","9":"mobile-align-center","11":"first","12":"instock","13":"shipping-taxable","14":"purchasable","15":"product-type-simple"},"aioseo_notices":[],"uagb_featured_image_src":{"full":["https:\/\/riyoupro.com\/wp-content\/uploads\/2025\/07\/117378434_3263528627064758_5996117611519656921_n-e1600271390590.jpg",720,960,false],"thumbnail":["https:\/\/riyoupro.com\/wp-content\/uploads\/2025\/07\/117378434_3263528627064758_5996117611519656921_n-e1600271390590-150x150.jpg",150,150,true],"medium":["https:\/\/riyoupro.com\/wp-content\/uploads\/2025\/07\/117378434_3263528627064758_5996117611519656921_n-e1600271390590-225x300.jpg",225,300,true],"medium_large":["https:\/\/riyoupro.com\/wp-content\/uploads\/2025\/07\/117378434_3263528627064758_5996117611519656921_n-e1600271390590.jpg",720,960,false],"large":["https:\/\/riyoupro.com\/wp-content\/uploads\/2025\/07\/117378434_3263528627064758_5996117611519656921_n-e1600271390590.jpg",720,960,false],"1536x1536":["https:\/\/riyoupro.com\/wp-content\/uploads\/2025\/07\/117378434_3263528627064758_5996117611519656921_n-e1600271390590.jpg",720,960,false],"2048x2048":["https:\/\/riyoupro.com\/wp-content\/uploads\/2025\/07\/117378434_3263528627064758_5996117611519656921_n-e1600271390590.jpg",720,960,false],"trp-custom-language-flag":["https:\/\/riyoupro.com\/wp-content\/uploads\/2025\/07\/117378434_3263528627064758_5996117611519656921_n-e1600271390590.jpg",9,12,false],"woocommerce_thumbnail":["https:\/\/riyoupro.com\/wp-content\/uploads\/2025\/07\/117378434_3263528627064758_5996117611519656921_n-e1600271390590-300x300.jpg",300,300,true],"woocommerce_single":["https:\/\/riyoupro.com\/wp-content\/uploads\/2025\/07\/117378434_3263528627064758_5996117611519656921_n-e1600271390590-600x800.jpg",600,800,true],"woocommerce_gallery_thumbnail":["https:\/\/riyoupro.com\/wp-content\/uploads\/2025\/07\/117378434_3263528627064758_5996117611519656921_n-e1600271390590-100x100.jpg",100,100,true]},"uagb_author_info":{"display_name":"kancar","author_link":"https:\/\/riyoupro.com\/ar\/author\/"},"uagb_comment_info":0,"uagb_excerpt":"Les boutons floraux d\u2019hibiscus sabdariffa sont utilis\u00e9s pour pr\u00e9parer la c\u00e9l\u00e8bre boisson bissap, rafra\u00eechissante et riche en antioxydants. Ils peuvent aussi aromatiser les infusions et desserts.","_links":{"self":[{"href":"https:\/\/riyoupro.com\/ar\/wp-json\/wp\/v2\/product\/5781","targetHints":{"allow":["GET"]}}],"collection":[{"href":"https:\/\/riyoupro.com\/ar\/wp-json\/wp\/v2\/product"}],"about":[{"href":"https:\/\/riyoupro.com\/ar\/wp-json\/wp\/v2\/types\/product"}],"replies":[{"embeddable":true,"href":"https:\/\/riyoupro.com\/ar\/wp-json\/wp\/v2\/comments?post=5781"}],"wp:featuredmedia":[{"embeddable":true,"href":"https:\/\/riyoupro.com\/ar\/wp-json\/wp\/v2\/media\/5728"}],"wp:attachment":[{"href":"https:\/\/riyoupro.com\/ar\/wp-json\/wp\/v2\/media?parent=5781"}],"wp:term":[{"taxonomy":"product_brand","embeddable":true,"href":"https:\/\/riyoupro.com\/ar\/wp-json\/wp\/v2\/product_brand?post=5781"},{"taxonomy":"product_cat","embeddable":true,"href":"https:\/\/riyoupro.com\/ar\/wp-json\/wp\/v2\/product_cat?post=5781"},{"taxonomy":"product_tag","embeddable":true,"href":"https:\/\/riyoupro.com\/ar\/wp-json\/wp\/v2\/product_tag?post=5781"}],"curies":[{"name":"wp","href":"https:\/\/api.w.org\/{rel}","templated":true}]}}