{"id":5777,"date":"2025-07-24T14:03:24","date_gmt":"2025-07-24T14:03:24","guid":{"rendered":"https:\/\/riyoupro.com\/?post_type=product&#038;p=5777"},"modified":"2025-07-24T16:30:30","modified_gmt":"2025-07-24T16:30:30","slug":"patates-douces","status":"publish","type":"product","link":"https:\/\/riyoupro.com\/ar\/product\/patates-douces\/","title":{"rendered":"\u0628\u0637\u0627\u0637\u0627 \u062d\u0644\u0648\u0629"},"content":{"rendered":"<p>\u0627\u0644\u0628\u0637\u0627\u0637\u0627 \u0627\u0644\u062d\u0644\u0648\u0629 \u0630\u0627\u062a \u0627\u0644\u0644\u0628 \u0627\u0644\u0628\u0631\u062a\u0642\u0627\u0644\u064a \u0645\u062d\u0628\u0648\u0628\u0629 \u0644\u062d\u0644\u0627\u0648\u062a\u0647\u0627 \u0627\u0644\u0637\u0628\u064a\u0639\u064a\u0629 \u0648\u063a\u0646\u0627\u0647\u0627 \u0628\u0627\u0644\u0639\u0646\u0627\u0635\u0631 \u0627\u0644\u063a\u0630\u0627\u0626\u064a\u0629. \u064a\u0645\u0643\u0646 \u0634\u0648\u064a\u0647\u0627 \u0623\u0648 \u0633\u0644\u0642\u0647\u0627 \u0623\u0648 \u0647\u0631\u0633\u0647\u0627 \u0623\u0648 \u0625\u0639\u062f\u0627\u062f\u0647\u0627 \u0643\u0634\u0631\u0627\u0626\u062d \u0645\u0642\u0644\u064a\u0629\u060c \u0648\u062a\u0646\u0627\u0633\u0628 \u0627\u0644\u0623\u0637\u0628\u0627\u0642 \u0627\u0644\u0645\u0627\u0644\u062d\u0629 \u0648\u0627\u0644\u0648\u0635\u0641\u0627\u062a \u0627\u0644\u062d\u0644\u0648\u0629 \u0639\u0644\u0649 \u062d\u062f \u0633\u0648\u0627\u0621.<\/p>","protected":false},"excerpt":{"rendered":"<p>\u0627\u0644\u0628\u0637\u0627\u0637\u0627 \u0627\u0644\u062d\u0644\u0648\u0629 \u0630\u0627\u062a \u0627\u0644\u0644\u0628 \u0627\u0644\u0628\u0631\u062a\u0642\u0627\u0644\u064a \u0645\u062d\u0628\u0648\u0628\u0629 \u0644\u062d\u0644\u0627\u0648\u062a\u0647\u0627 \u0627\u0644\u0637\u0628\u064a\u0639\u064a\u0629 \u0648\u063a\u0646\u0627\u0647\u0627 \u0628\u0627\u0644\u0639\u0646\u0627\u0635\u0631 \u0627\u0644\u063a\u0630\u0627\u0626\u064a\u0629. \u064a\u0645\u0643\u0646 \u0634\u0648\u064a\u0647\u0627 \u0623\u0648 \u0633\u0644\u0642\u0647\u0627 \u0623\u0648 \u0647\u0631\u0633\u0647\u0627 \u0623\u0648 \u0625\u0639\u062f\u0627\u062f\u0647\u0627 \u0643\u0634\u0631\u0627\u0626\u062d \u0645\u0642\u0644\u064a\u0629\u060c \u0648\u062a\u0646\u0627\u0633\u0628 \u0627\u0644\u0623\u0637\u0628\u0627\u0642 \u0627\u0644\u0645\u0627\u0644\u062d\u0629 \u0648\u0627\u0644\u0648\u0635\u0641\u0627\u062a \u0627\u0644\u062d\u0644\u0648\u0629 \u0639\u0644\u0649 \u062d\u062f \u0633\u0648\u0627\u0621.<\/p>","protected":false},"featured_media":5756,"comment_status":"open","ping_status":"closed","template":"","meta":{"_uag_custom_page_level_css":"","site-sidebar-layout":"default","site-content-layout":"","ast-site-content-layout":"default","site-content-style":"default","site-sidebar-style":"default","ast-global-header-display":"","ast-banner-title-visibility":"","ast-main-header-display":"","ast-hfb-above-header-display":"","ast-hfb-below-header-display":"","ast-hfb-mobile-header-display":"","site-post-title":"","ast-breadcrumbs-content":"","ast-featured-img":"","footer-sml-layout":"","theme-transparent-header-meta":"default","adv-header-id-meta":"","stick-header-meta":"","header-above-stick-meta":"","header-main-stick-meta":"","header-below-stick-meta":"","astra-migrate-meta-layouts":"set","ast-page-background-enabled":"default","ast-page-background-meta":{"desktop":{"background-color":"","background-image":"","background-repeat":"repeat","background-position":"center center","background-size":"auto","background-attachment":"scroll","background-type":"","background-media":"","overlay-type":"","overlay-color":"","overlay-opacity":"","overlay-gradient":""},"tablet":{"background-color":"","background-image":"","background-repeat":"repeat","background-position":"center center","background-size":"auto","background-attachment":"scroll","background-type":"","background-media":"","overlay-type":"","overlay-color":"","overlay-opacity":"","overlay-gradient":""},"mobile":{"background-color":"","background-image":"","background-repeat":"repeat","background-position":"center center","background-size":"auto","background-attachment":"scroll","background-type":"","background-media":"","overlay-type":"","overlay-color":"","overlay-opacity":"","overlay-gradient":""}},"ast-content-background-meta":{"desktop":{"background-color":"var(--ast-global-color-5)","background-image":"","background-repeat":"repeat","background-position":"center center","background-size":"auto","background-attachment":"scroll","background-type":"","background-media":"","overlay-type":"","overlay-color":"","overlay-opacity":"","overlay-gradient":""},"tablet":{"background-color":"var(--ast-global-color-5)","background-image":"","background-repeat":"repeat","background-position":"center center","background-size":"auto","background-attachment":"scroll","background-type":"","background-media":"","overlay-type":"","overlay-color":"","overlay-opacity":"","overlay-gradient":""},"mobile":{"background-color":"var(--ast-global-color-5)","background-image":"","background-repeat":"repeat","background-position":"center center","background-size":"auto","background-attachment":"scroll","background-type":"","background-media":"","overlay-type":"","overlay-color":"","overlay-opacity":"","overlay-gradient":""}}},"product_brand":[],"product_cat":[24],"product_tag":[],"class_list":{"0":"post-5777","1":"product","2":"type-product","3":"status-publish","4":"has-post-thumbnail","6":"product_cat-legumes","7":"desktop-align-center","8":"tablet-align-center","9":"mobile-align-center","11":"first","12":"instock","13":"shipping-taxable","14":"purchasable","15":"product-type-simple"},"aioseo_notices":[],"uagb_featured_image_src":{"full":["https:\/\/riyoupro.com\/wp-content\/uploads\/2025\/07\/planter-patates-douces.jpg",1200,630,false],"thumbnail":["https:\/\/riyoupro.com\/wp-content\/uploads\/2025\/07\/planter-patates-douces-150x150.jpg",150,150,true],"medium":["https:\/\/riyoupro.com\/wp-content\/uploads\/2025\/07\/planter-patates-douces-300x158.jpg",300,158,true],"medium_large":["https:\/\/riyoupro.com\/wp-content\/uploads\/2025\/07\/planter-patates-douces-768x403.jpg",768,403,true],"large":["https:\/\/riyoupro.com\/wp-content\/uploads\/2025\/07\/planter-patates-douces-1024x538.jpg",1024,538,true],"1536x1536":["https:\/\/riyoupro.com\/wp-content\/uploads\/2025\/07\/planter-patates-douces.jpg",1200,630,false],"2048x2048":["https:\/\/riyoupro.com\/wp-content\/uploads\/2025\/07\/planter-patates-douces.jpg",1200,630,false],"trp-custom-language-flag":["https:\/\/riyoupro.com\/wp-content\/uploads\/2025\/07\/planter-patates-douces.jpg",18,9,false],"woocommerce_thumbnail":["https:\/\/riyoupro.com\/wp-content\/uploads\/2025\/07\/planter-patates-douces-300x300.jpg",300,300,true],"woocommerce_single":["https:\/\/riyoupro.com\/wp-content\/uploads\/2025\/07\/planter-patates-douces-600x315.jpg",600,315,true],"woocommerce_gallery_thumbnail":["https:\/\/riyoupro.com\/wp-content\/uploads\/2025\/07\/planter-patates-douces-100x100.jpg",100,100,true]},"uagb_author_info":{"display_name":"kancar","author_link":"https:\/\/riyoupro.com\/ar\/author\/"},"uagb_comment_info":0,"uagb_excerpt":"La patate douce, \u00e0 la chair orang\u00e9e, est appr\u00e9ci\u00e9e pour sa douceur naturelle et sa richesse en nutriments. Elle peut \u00eatre r\u00f4tie, bouillie, en pur\u00e9e ou en frites, et s\u2019adapte aussi bien aux plats sal\u00e9s qu\u2019aux recettes sucr\u00e9es.","_links":{"self":[{"href":"https:\/\/riyoupro.com\/ar\/wp-json\/wp\/v2\/product\/5777","targetHints":{"allow":["GET"]}}],"collection":[{"href":"https:\/\/riyoupro.com\/ar\/wp-json\/wp\/v2\/product"}],"about":[{"href":"https:\/\/riyoupro.com\/ar\/wp-json\/wp\/v2\/types\/product"}],"replies":[{"embeddable":true,"href":"https:\/\/riyoupro.com\/ar\/wp-json\/wp\/v2\/comments?post=5777"}],"wp:featuredmedia":[{"embeddable":true,"href":"https:\/\/riyoupro.com\/ar\/wp-json\/wp\/v2\/media\/5756"}],"wp:attachment":[{"href":"https:\/\/riyoupro.com\/ar\/wp-json\/wp\/v2\/media?parent=5777"}],"wp:term":[{"taxonomy":"product_brand","embeddable":true,"href":"https:\/\/riyoupro.com\/ar\/wp-json\/wp\/v2\/product_brand?post=5777"},{"taxonomy":"product_cat","embeddable":true,"href":"https:\/\/riyoupro.com\/ar\/wp-json\/wp\/v2\/product_cat?post=5777"},{"taxonomy":"product_tag","embeddable":true,"href":"https:\/\/riyoupro.com\/ar\/wp-json\/wp\/v2\/product_tag?post=5777"}],"curies":[{"name":"wp","href":"https:\/\/api.w.org\/{rel}","templated":true}]}}