{"id":5772,"date":"2025-07-24T13:56:07","date_gmt":"2025-07-24T13:56:07","guid":{"rendered":"https:\/\/riyoupro.com\/?post_type=product&#038;p=5772"},"modified":"2025-07-24T16:34:18","modified_gmt":"2025-07-24T16:34:18","slug":"piment","status":"publish","type":"product","link":"https:\/\/riyoupro.com\/ar\/product\/piment\/","title":{"rendered":"\u0641\u0644\u0641\u0644 \u062d\u0627\u0631"},"content":{"rendered":"<p>\u0627\u0644\u0641\u0644\u0641\u0644 \u0627\u0644\u062d\u0627\u0631 \u0627\u0644\u0643\u0627\u0631\u064a\u0628\u064a \u0645\u0639\u0631\u0648\u0641 \u0628\u0639\u0637\u0631\u0647 \u0627\u0644\u0642\u0648\u064a \u0648\u062d\u062f\u062a\u0647 \u0627\u0644\u062d\u0627\u0631\u0629. \u064a\u0636\u064a\u0641 \u0644\u0648\u0646\u064b\u0627 \u0648\u0646\u0643\u0647\u0629 \u0644\u0644\u0623\u0637\u0628\u0627\u0642 \u0627\u0644\u063a\u0631\u064a\u0628\u0629 \u0648\u0627\u0644\u0635\u0644\u0635\u0627\u062a \u0648\u0627\u0644\u062a\u062a\u0628\u064a\u0644\u0627\u062a. \u064a\u062c\u0628 \u0627\u0633\u062a\u062e\u062f\u0627\u0645\u0647 \u0628\u062d\u0630\u0631\u060c \u0641\u0647\u0648 \u064a\u0645\u0646\u062d \u062d\u0631\u0627\u0631\u0629 \u0642\u0648\u064a\u0629 \u0648\u0639\u0637\u0631\u064a\u0629 \u0644\u0644\u0645\u0637\u0628\u062e.<\/p>","protected":false},"excerpt":{"rendered":"<p>\u0627\u0644\u0641\u0644\u0641\u0644 \u0627\u0644\u062d\u0627\u0631 \u0627\u0644\u0643\u0627\u0631\u064a\u0628\u064a \u0645\u0639\u0631\u0648\u0641 \u0628\u0639\u0637\u0631\u0647 \u0627\u0644\u0642\u0648\u064a \u0648\u062d\u062f\u062a\u0647 \u0627\u0644\u062d\u0627\u0631\u0629. \u064a\u0636\u064a\u0641 \u0644\u0648\u0646\u064b\u0627 \u0648\u0646\u0643\u0647\u0629 \u0644\u0644\u0623\u0637\u0628\u0627\u0642 \u0627\u0644\u063a\u0631\u064a\u0628\u0629 \u0648\u0627\u0644\u0635\u0644\u0635\u0627\u062a \u0648\u0627\u0644\u062a\u062a\u0628\u064a\u0644\u0627\u062a. \u064a\u062c\u0628 \u0627\u0633\u062a\u062e\u062f\u0627\u0645\u0647 \u0628\u062d\u0630\u0631\u060c \u0641\u0647\u0648 \u064a\u0645\u0646\u062d \u062d\u0631\u0627\u0631\u0629 \u0642\u0648\u064a\u0629 \u0648\u0639\u0637\u0631\u064a\u0629 \u0644\u0644\u0645\u0637\u0628\u062e.<\/p>","protected":false},"featured_media":5761,"comment_status":"open","ping_status":"closed","template":"","meta":{"_uag_custom_page_level_css":"","site-sidebar-layout":"default","site-content-layout":"","ast-site-content-layout":"default","site-content-style":"default","site-sidebar-style":"default","ast-global-header-display":"","ast-banner-title-visibility":"","ast-main-header-display":"","ast-hfb-above-header-display":"","ast-hfb-below-header-display":"","ast-hfb-mobile-header-display":"","site-post-title":"","ast-breadcrumbs-content":"","ast-featured-img":"","footer-sml-layout":"","theme-transparent-header-meta":"default","adv-header-id-meta":"","stick-header-meta":"","header-above-stick-meta":"","header-main-stick-meta":"","header-below-stick-meta":"","astra-migrate-meta-layouts":"set","ast-page-background-enabled":"default","ast-page-background-meta":{"desktop":{"background-color":"","background-image":"","background-repeat":"repeat","background-position":"center center","background-size":"auto","background-attachment":"scroll","background-type":"","background-media":"","overlay-type":"","overlay-color":"","overlay-opacity":"","overlay-gradient":""},"tablet":{"background-color":"","background-image":"","background-repeat":"repeat","background-position":"center center","background-size":"auto","background-attachment":"scroll","background-type":"","background-media":"","overlay-type":"","overlay-color":"","overlay-opacity":"","overlay-gradient":""},"mobile":{"background-color":"","background-image":"","background-repeat":"repeat","background-position":"center center","background-size":"auto","background-attachment":"scroll","background-type":"","background-media":"","overlay-type":"","overlay-color":"","overlay-opacity":"","overlay-gradient":""}},"ast-content-background-meta":{"desktop":{"background-color":"var(--ast-global-color-5)","background-image":"","background-repeat":"repeat","background-position":"center center","background-size":"auto","background-attachment":"scroll","background-type":"","background-media":"","overlay-type":"","overlay-color":"","overlay-opacity":"","overlay-gradient":""},"tablet":{"background-color":"var(--ast-global-color-5)","background-image":"","background-repeat":"repeat","background-position":"center center","background-size":"auto","background-attachment":"scroll","background-type":"","background-media":"","overlay-type":"","overlay-color":"","overlay-opacity":"","overlay-gradient":""},"mobile":{"background-color":"var(--ast-global-color-5)","background-image":"","background-repeat":"repeat","background-position":"center center","background-size":"auto","background-attachment":"scroll","background-type":"","background-media":"","overlay-type":"","overlay-color":"","overlay-opacity":"","overlay-gradient":""}}},"product_brand":[],"product_cat":[24],"product_tag":[],"class_list":{"0":"post-5772","1":"product","2":"type-product","3":"status-publish","4":"has-post-thumbnail","6":"product_cat-legumes","7":"desktop-align-center","8":"tablet-align-center","9":"mobile-align-center","11":"first","12":"instock","13":"shipping-taxable","14":"purchasable","15":"product-type-simple"},"aioseo_notices":[],"uagb_featured_image_src":{"full":["https:\/\/riyoupro.com\/wp-content\/uploads\/2025\/07\/Sans-titre-2021-10-29T112130.616.jpg",786,600,false],"thumbnail":["https:\/\/riyoupro.com\/wp-content\/uploads\/2025\/07\/Sans-titre-2021-10-29T112130.616-150x150.jpg",150,150,true],"medium":["https:\/\/riyoupro.com\/wp-content\/uploads\/2025\/07\/Sans-titre-2021-10-29T112130.616-300x229.jpg",300,229,true],"medium_large":["https:\/\/riyoupro.com\/wp-content\/uploads\/2025\/07\/Sans-titre-2021-10-29T112130.616-768x586.jpg",768,586,true],"large":["https:\/\/riyoupro.com\/wp-content\/uploads\/2025\/07\/Sans-titre-2021-10-29T112130.616.jpg",786,600,false],"1536x1536":["https:\/\/riyoupro.com\/wp-content\/uploads\/2025\/07\/Sans-titre-2021-10-29T112130.616.jpg",786,600,false],"2048x2048":["https:\/\/riyoupro.com\/wp-content\/uploads\/2025\/07\/Sans-titre-2021-10-29T112130.616.jpg",786,600,false],"trp-custom-language-flag":["https:\/\/riyoupro.com\/wp-content\/uploads\/2025\/07\/Sans-titre-2021-10-29T112130.616.jpg",16,12,false],"woocommerce_thumbnail":["https:\/\/riyoupro.com\/wp-content\/uploads\/2025\/07\/Sans-titre-2021-10-29T112130.616-300x300.jpg",300,300,true],"woocommerce_single":["https:\/\/riyoupro.com\/wp-content\/uploads\/2025\/07\/Sans-titre-2021-10-29T112130.616-600x458.jpg",600,458,true],"woocommerce_gallery_thumbnail":["https:\/\/riyoupro.com\/wp-content\/uploads\/2025\/07\/Sans-titre-2021-10-29T112130.616-100x100.jpg",100,100,true]},"uagb_author_info":{"display_name":"kancar","author_link":"https:\/\/riyoupro.com\/ar\/author\/"},"uagb_comment_info":0,"uagb_excerpt":"Le piment antillais est r\u00e9put\u00e9 pour son ar\u00f4me puissant et sa force piquante. Il colore et rel\u00e8ve vos plats exotiques, sauces, et marinades. \u00c0 utiliser avec pr\u00e9caution, il apporte une chaleur intense et parfum\u00e9e \u00e0 la cuisine.","_links":{"self":[{"href":"https:\/\/riyoupro.com\/ar\/wp-json\/wp\/v2\/product\/5772","targetHints":{"allow":["GET"]}}],"collection":[{"href":"https:\/\/riyoupro.com\/ar\/wp-json\/wp\/v2\/product"}],"about":[{"href":"https:\/\/riyoupro.com\/ar\/wp-json\/wp\/v2\/types\/product"}],"replies":[{"embeddable":true,"href":"https:\/\/riyoupro.com\/ar\/wp-json\/wp\/v2\/comments?post=5772"}],"wp:featuredmedia":[{"embeddable":true,"href":"https:\/\/riyoupro.com\/ar\/wp-json\/wp\/v2\/media\/5761"}],"wp:attachment":[{"href":"https:\/\/riyoupro.com\/ar\/wp-json\/wp\/v2\/media?parent=5772"}],"wp:term":[{"taxonomy":"product_brand","embeddable":true,"href":"https:\/\/riyoupro.com\/ar\/wp-json\/wp\/v2\/product_brand?post=5772"},{"taxonomy":"product_cat","embeddable":true,"href":"https:\/\/riyoupro.com\/ar\/wp-json\/wp\/v2\/product_cat?post=5772"},{"taxonomy":"product_tag","embeddable":true,"href":"https:\/\/riyoupro.com\/ar\/wp-json\/wp\/v2\/product_tag?post=5772"}],"curies":[{"name":"wp","href":"https:\/\/api.w.org\/{rel}","templated":true}]}}