{"id":5770,"date":"2025-07-24T13:51:11","date_gmt":"2025-07-24T13:51:11","guid":{"rendered":"https:\/\/riyoupro.com\/?post_type=product&#038;p=5770"},"modified":"2025-07-24T16:34:32","modified_gmt":"2025-07-24T16:34:32","slug":"tomates","status":"publish","type":"product","link":"https:\/\/riyoupro.com\/ar\/product\/tomates\/","title":{"rendered":"\u0637\u0645\u0627\u0637\u0645"},"content":{"rendered":"<p>\u0637\u0645\u0627\u0637\u0645\u0646\u0627 \u0627\u0644\u0637\u0627\u0632\u062c\u0629\u060c \u0627\u0644\u0639\u0635\u064a\u0631\u064a\u0629 \u0648\u0627\u0644\u0645\u0634\u0645\u0633\u0629\u060c \u0645\u062e\u062a\u0627\u0631\u0629 \u0628\u0639\u0646\u0627\u064a\u0629 \u0644\u0645\u0630\u0627\u0642\u0647\u0627 \u0627\u0644\u0627\u0633\u062a\u062b\u0646\u0627\u0626\u064a. \u0645\u0635\u062f\u0631 \u0644\u0644\u0644\u064a\u0643\u0648\u0628\u064a\u0646 \u0648\u0627\u0644\u0641\u064a\u062a\u0627\u0645\u064a\u0646\u0627\u062a\u060c \u0648\u0647\u064a \u0645\u062b\u0627\u0644\u064a\u0629 \u0644\u0625\u0636\u0627\u0641\u0629 \u0627\u0644\u0646\u0643\u0647\u0629 \u0644\u0644\u0633\u0644\u0637\u0627\u062a \u0648\u0627\u0644\u0635\u0644\u0635\u0627\u062a \u0648\u0627\u0644\u0641\u0637\u0627\u0626\u0631 \u0648\u0627\u0644\u0623\u0637\u0628\u0627\u0642 \u0627\u0644\u0645\u062a\u0648\u0633\u0637\u064a\u0629.<\/p>","protected":false},"excerpt":{"rendered":"<p>\u0637\u0645\u0627\u0637\u0645\u0646\u0627 \u0627\u0644\u0637\u0627\u0632\u062c\u0629\u060c \u0627\u0644\u0639\u0635\u064a\u0631\u064a\u0629 \u0648\u0627\u0644\u0645\u0634\u0645\u0633\u0629\u060c \u0645\u062e\u062a\u0627\u0631\u0629 \u0628\u0639\u0646\u0627\u064a\u0629 \u0644\u0645\u0630\u0627\u0642\u0647\u0627 \u0627\u0644\u0627\u0633\u062a\u062b\u0646\u0627\u0626\u064a. \u0645\u0635\u062f\u0631 \u0644\u0644\u0644\u064a\u0643\u0648\u0628\u064a\u0646 \u0648\u0627\u0644\u0641\u064a\u062a\u0627\u0645\u064a\u0646\u0627\u062a\u060c \u0648\u0647\u064a \u0645\u062b\u0627\u0644\u064a\u0629 \u0644\u0625\u0636\u0627\u0641\u0629 \u0627\u0644\u0646\u0643\u0647\u0629 \u0644\u0644\u0633\u0644\u0637\u0627\u062a \u0648\u0627\u0644\u0635\u0644\u0635\u0627\u062a \u0648\u0627\u0644\u0641\u0637\u0627\u0626\u0631 \u0648\u0627\u0644\u0623\u0637\u0628\u0627\u0642 \u0627\u0644\u0645\u062a\u0648\u0633\u0637\u064a\u0629.<\/p>","protected":false},"featured_media":5740,"comment_status":"open","ping_status":"closed","template":"","meta":{"_uag_custom_page_level_css":"","site-sidebar-layout":"default","site-content-layout":"","ast-site-content-layout":"default","site-content-style":"default","site-sidebar-style":"default","ast-global-header-display":"","ast-banner-title-visibility":"","ast-main-header-display":"","ast-hfb-above-header-display":"","ast-hfb-below-header-display":"","ast-hfb-mobile-header-display":"","site-post-title":"","ast-breadcrumbs-content":"","ast-featured-img":"","footer-sml-layout":"","theme-transparent-header-meta":"default","adv-header-id-meta":"","stick-header-meta":"","header-above-stick-meta":"","header-main-stick-meta":"","header-below-stick-meta":"","astra-migrate-meta-layouts":"set","ast-page-background-enabled":"default","ast-page-background-meta":{"desktop":{"background-color":"","background-image":"","background-repeat":"repeat","background-position":"center center","background-size":"auto","background-attachment":"scroll","background-type":"","background-media":"","overlay-type":"","overlay-color":"","overlay-opacity":"","overlay-gradient":""},"tablet":{"background-color":"","background-image":"","background-repeat":"repeat","background-position":"center center","background-size":"auto","background-attachment":"scroll","background-type":"","background-media":"","overlay-type":"","overlay-color":"","overlay-opacity":"","overlay-gradient":""},"mobile":{"background-color":"","background-image":"","background-repeat":"repeat","background-position":"center center","background-size":"auto","background-attachment":"scroll","background-type":"","background-media":"","overlay-type":"","overlay-color":"","overlay-opacity":"","overlay-gradient":""}},"ast-content-background-meta":{"desktop":{"background-color":"var(--ast-global-color-5)","background-image":"","background-repeat":"repeat","background-position":"center center","background-size":"auto","background-attachment":"scroll","background-type":"","background-media":"","overlay-type":"","overlay-color":"","overlay-opacity":"","overlay-gradient":""},"tablet":{"background-color":"var(--ast-global-color-5)","background-image":"","background-repeat":"repeat","background-position":"center center","background-size":"auto","background-attachment":"scroll","background-type":"","background-media":"","overlay-type":"","overlay-color":"","overlay-opacity":"","overlay-gradient":""},"mobile":{"background-color":"var(--ast-global-color-5)","background-image":"","background-repeat":"repeat","background-position":"center center","background-size":"auto","background-attachment":"scroll","background-type":"","background-media":"","overlay-type":"","overlay-color":"","overlay-opacity":"","overlay-gradient":""}}},"product_brand":[],"product_cat":[24],"product_tag":[],"class_list":{"0":"post-5770","1":"product","2":"type-product","3":"status-publish","4":"has-post-thumbnail","6":"product_cat-legumes","7":"desktop-align-center","8":"tablet-align-center","9":"mobile-align-center","11":"first","12":"instock","13":"shipping-taxable","14":"purchasable","15":"product-type-simple"},"aioseo_notices":[],"uagb_featured_image_src":{"full":["https:\/\/riyoupro.com\/wp-content\/uploads\/2025\/07\/2593008744.jpg",400,300,false],"thumbnail":["https:\/\/riyoupro.com\/wp-content\/uploads\/2025\/07\/2593008744-150x150.jpg",150,150,true],"medium":["https:\/\/riyoupro.com\/wp-content\/uploads\/2025\/07\/2593008744-300x225.jpg",300,225,true],"medium_large":["https:\/\/riyoupro.com\/wp-content\/uploads\/2025\/07\/2593008744.jpg",400,300,false],"large":["https:\/\/riyoupro.com\/wp-content\/uploads\/2025\/07\/2593008744.jpg",400,300,false],"1536x1536":["https:\/\/riyoupro.com\/wp-content\/uploads\/2025\/07\/2593008744.jpg",400,300,false],"2048x2048":["https:\/\/riyoupro.com\/wp-content\/uploads\/2025\/07\/2593008744.jpg",400,300,false],"trp-custom-language-flag":["https:\/\/riyoupro.com\/wp-content\/uploads\/2025\/07\/2593008744.jpg",16,12,false],"woocommerce_thumbnail":["https:\/\/riyoupro.com\/wp-content\/uploads\/2025\/07\/2593008744-300x300.jpg",300,300,true],"woocommerce_single":["https:\/\/riyoupro.com\/wp-content\/uploads\/2025\/07\/2593008744.jpg",400,300,false],"woocommerce_gallery_thumbnail":["https:\/\/riyoupro.com\/wp-content\/uploads\/2025\/07\/2593008744-100x100.jpg",100,100,true]},"uagb_author_info":{"display_name":"kancar","author_link":"https:\/\/riyoupro.com\/ar\/author\/"},"uagb_comment_info":0,"uagb_excerpt":"Nos tomates fra\u00eeches, juteuses et gorg\u00e9es de soleil, sont soigneusement s\u00e9lectionn\u00e9es pour leur go\u00fbt exceptionnel. Source de lycop\u00e8ne et de vitamines, elles sont id\u00e9ales pour agr\u00e9menter salades, sauces, tartes et plats m\u00e9diterran\u00e9ens.","_links":{"self":[{"href":"https:\/\/riyoupro.com\/ar\/wp-json\/wp\/v2\/product\/5770","targetHints":{"allow":["GET"]}}],"collection":[{"href":"https:\/\/riyoupro.com\/ar\/wp-json\/wp\/v2\/product"}],"about":[{"href":"https:\/\/riyoupro.com\/ar\/wp-json\/wp\/v2\/types\/product"}],"replies":[{"embeddable":true,"href":"https:\/\/riyoupro.com\/ar\/wp-json\/wp\/v2\/comments?post=5770"}],"wp:featuredmedia":[{"embeddable":true,"href":"https:\/\/riyoupro.com\/ar\/wp-json\/wp\/v2\/media\/5740"}],"wp:attachment":[{"href":"https:\/\/riyoupro.com\/ar\/wp-json\/wp\/v2\/media?parent=5770"}],"wp:term":[{"taxonomy":"product_brand","embeddable":true,"href":"https:\/\/riyoupro.com\/ar\/wp-json\/wp\/v2\/product_brand?post=5770"},{"taxonomy":"product_cat","embeddable":true,"href":"https:\/\/riyoupro.com\/ar\/wp-json\/wp\/v2\/product_cat?post=5770"},{"taxonomy":"product_tag","embeddable":true,"href":"https:\/\/riyoupro.com\/ar\/wp-json\/wp\/v2\/product_tag?post=5770"}],"curies":[{"name":"wp","href":"https:\/\/api.w.org\/{rel}","templated":true}]}}