{"id":5766,"date":"2025-07-24T13:45:15","date_gmt":"2025-07-24T13:45:15","guid":{"rendered":"https:\/\/riyoupro.com\/?post_type=product&#038;p=5766"},"modified":"2025-07-24T16:32:12","modified_gmt":"2025-07-24T16:32:12","slug":"poivrons-verts-croquants","status":"publish","type":"product","link":"https:\/\/riyoupro.com\/ar\/product\/poivrons-verts-croquants\/","title":{"rendered":"\u0641\u0644\u0641\u0644 \u0623\u062e\u0636\u0631 \u0645\u0642\u0631\u0645\u0634"},"content":{"rendered":"<p>\u0641\u0644\u0641\u0644\u0646\u0627 \u0627\u0644\u0623\u062e\u0636\u0631\u060c \u0627\u0644\u0645\u0642\u0631\u0645\u0634 \u0648\u0627\u0644\u063a\u0646\u064a \u0628\u0627\u0644\u0646\u0643\u0647\u0629\u060c \u064a\u0636\u064a\u0641 \u0644\u0648\u0646\u064b\u0627 \u0648\u0642\u0631\u0645\u0634\u0629 \u0644\u062c\u0645\u064a\u0639 \u0623\u0637\u0628\u0627\u0642\u0643. \u0645\u0635\u062f\u0631 \u0645\u0645\u062a\u0627\u0632 \u0644\u0641\u064a\u062a\u0627\u0645\u064a\u0646 C\u060c \u0648\u064a\u0645\u0643\u0646 \u062a\u0646\u0627\u0648\u0644\u0647 \u0646\u064a\u0626\u064b\u0627 \u0641\u064a \u0627\u0644\u0633\u0644\u0637\u0627\u062a \u0623\u0648 \u0645\u0637\u0628\u0648\u062e\u064b\u0627 \u0641\u064a \u0627\u0644\u0645\u0642\u0627\u0644\u064a \u0648\u0627\u0644\u0623\u0637\u0628\u0627\u0642 \u0627\u0644\u0645\u062a\u0648\u0633\u0637\u064a\u0629. \u0646\u0643\u0647\u062a\u0647 \u0627\u0644\u0637\u0627\u0632\u062c\u0629 \u0648\u0627\u0644\u0645\u0631\u0651\u0629 \u0642\u0644\u064a\u0644\u0627\u064b \u062a\u0639\u0632\u0632 \u0648\u0635\u0641\u0627\u062a \u0627\u0644\u062e\u0636\u0627\u0631 \u0623\u0648 \u0627\u0644\u0644\u062d\u0648\u0645.<\/p>","protected":false},"excerpt":{"rendered":"<p>\u0641\u0644\u0641\u0644\u0646\u0627 \u0627\u0644\u0623\u062e\u0636\u0631\u060c \u0627\u0644\u0645\u0642\u0631\u0645\u0634 \u0648\u0627\u0644\u063a\u0646\u064a \u0628\u0627\u0644\u0646\u0643\u0647\u0629\u060c \u064a\u0636\u064a\u0641 \u0644\u0648\u0646\u064b\u0627 \u0648\u0642\u0631\u0645\u0634\u0629 \u0644\u062c\u0645\u064a\u0639 \u0623\u0637\u0628\u0627\u0642\u0643. \u0645\u0635\u062f\u0631 \u0645\u0645\u062a\u0627\u0632 \u0644\u0641\u064a\u062a\u0627\u0645\u064a\u0646 C\u060c \u0648\u064a\u0645\u0643\u0646 \u062a\u0646\u0627\u0648\u0644\u0647 \u0646\u064a\u0626\u064b\u0627 \u0641\u064a \u0627\u0644\u0633\u0644\u0637\u0627\u062a \u0623\u0648 \u0645\u0637\u0628\u0648\u062e\u064b\u0627 \u0641\u064a \u0627\u0644\u0645\u0642\u0627\u0644\u064a \u0648\u0627\u0644\u0623\u0637\u0628\u0627\u0642 \u0627\u0644\u0645\u062a\u0648\u0633\u0637\u064a\u0629. \u0646\u0643\u0647\u062a\u0647 \u0627\u0644\u0637\u0627\u0632\u062c\u0629 \u0648\u0627\u0644\u0645\u0631\u0651\u0629 \u0642\u0644\u064a\u0644\u0627\u064b \u062a\u0639\u0632\u0632 \u0648\u0635\u0641\u0627\u062a \u0627\u0644\u062e\u0636\u0627\u0631 \u0623\u0648 \u0627\u0644\u0644\u062d\u0648\u0645.<\/p>","protected":false},"featured_media":5757,"comment_status":"open","ping_status":"closed","template":"","meta":{"_uag_custom_page_level_css":"","site-sidebar-layout":"default","site-content-layout":"","ast-site-content-layout":"default","site-content-style":"default","site-sidebar-style":"default","ast-global-header-display":"","ast-banner-title-visibility":"","ast-main-header-display":"","ast-hfb-above-header-display":"","ast-hfb-below-header-display":"","ast-hfb-mobile-header-display":"","site-post-title":"","ast-breadcrumbs-content":"","ast-featured-img":"","footer-sml-layout":"","theme-transparent-header-meta":"default","adv-header-id-meta":"","stick-header-meta":"","header-above-stick-meta":"","header-main-stick-meta":"","header-below-stick-meta":"","astra-migrate-meta-layouts":"set","ast-page-background-enabled":"default","ast-page-background-meta":{"desktop":{"background-color":"","background-image":"","background-repeat":"repeat","background-position":"center center","background-size":"auto","background-attachment":"scroll","background-type":"","background-media":"","overlay-type":"","overlay-color":"","overlay-opacity":"","overlay-gradient":""},"tablet":{"background-color":"","background-image":"","background-repeat":"repeat","background-position":"center center","background-size":"auto","background-attachment":"scroll","background-type":"","background-media":"","overlay-type":"","overlay-color":"","overlay-opacity":"","overlay-gradient":""},"mobile":{"background-color":"","background-image":"","background-repeat":"repeat","background-position":"center center","background-size":"auto","background-attachment":"scroll","background-type":"","background-media":"","overlay-type":"","overlay-color":"","overlay-opacity":"","overlay-gradient":""}},"ast-content-background-meta":{"desktop":{"background-color":"var(--ast-global-color-5)","background-image":"","background-repeat":"repeat","background-position":"center center","background-size":"auto","background-attachment":"scroll","background-type":"","background-media":"","overlay-type":"","overlay-color":"","overlay-opacity":"","overlay-gradient":""},"tablet":{"background-color":"var(--ast-global-color-5)","background-image":"","background-repeat":"repeat","background-position":"center center","background-size":"auto","background-attachment":"scroll","background-type":"","background-media":"","overlay-type":"","overlay-color":"","overlay-opacity":"","overlay-gradient":""},"mobile":{"background-color":"var(--ast-global-color-5)","background-image":"","background-repeat":"repeat","background-position":"center center","background-size":"auto","background-attachment":"scroll","background-type":"","background-media":"","overlay-type":"","overlay-color":"","overlay-opacity":"","overlay-gradient":""}}},"product_brand":[],"product_cat":[24],"product_tag":[],"class_list":{"0":"post-5766","1":"product","2":"type-product","3":"status-publish","4":"has-post-thumbnail","6":"product_cat-legumes","7":"desktop-align-center","8":"tablet-align-center","9":"mobile-align-center","11":"first","12":"instock","13":"shipping-taxable","14":"purchasable","15":"product-type-simple"},"aioseo_notices":[],"uagb_featured_image_src":{"full":["https:\/\/riyoupro.com\/wp-content\/uploads\/2025\/07\/Poivron-vert.png",786,600,false],"thumbnail":["https:\/\/riyoupro.com\/wp-content\/uploads\/2025\/07\/Poivron-vert-150x150.png",150,150,true],"medium":["https:\/\/riyoupro.com\/wp-content\/uploads\/2025\/07\/Poivron-vert-300x229.png",300,229,true],"medium_large":["https:\/\/riyoupro.com\/wp-content\/uploads\/2025\/07\/Poivron-vert-768x586.png",768,586,true],"large":["https:\/\/riyoupro.com\/wp-content\/uploads\/2025\/07\/Poivron-vert.png",786,600,false],"1536x1536":["https:\/\/riyoupro.com\/wp-content\/uploads\/2025\/07\/Poivron-vert.png",786,600,false],"2048x2048":["https:\/\/riyoupro.com\/wp-content\/uploads\/2025\/07\/Poivron-vert.png",786,600,false],"trp-custom-language-flag":["https:\/\/riyoupro.com\/wp-content\/uploads\/2025\/07\/Poivron-vert.png",16,12,false],"woocommerce_thumbnail":["https:\/\/riyoupro.com\/wp-content\/uploads\/2025\/07\/Poivron-vert-300x300.png",300,300,true],"woocommerce_single":["https:\/\/riyoupro.com\/wp-content\/uploads\/2025\/07\/Poivron-vert-600x458.png",600,458,true],"woocommerce_gallery_thumbnail":["https:\/\/riyoupro.com\/wp-content\/uploads\/2025\/07\/Poivron-vert-100x100.png",100,100,true]},"uagb_author_info":{"display_name":"kancar","author_link":"https:\/\/riyoupro.com\/ar\/author\/"},"uagb_comment_info":0,"uagb_excerpt":"Nos poivrons verts, croquants et riches en saveur, apportent de la couleur et du croquant \u00e0 tous vos plats. Excellente source de vitamine C, ils se d\u00e9gustent aussi bien crus en salade que cuits dans les po\u00eal\u00e9es et les plats m\u00e9diterran\u00e9ens. Leur go\u00fbt frais et l\u00e9g\u00e8rement amer rehausse les recettes de l\u00e9gumes ou de viandes.","_links":{"self":[{"href":"https:\/\/riyoupro.com\/ar\/wp-json\/wp\/v2\/product\/5766","targetHints":{"allow":["GET"]}}],"collection":[{"href":"https:\/\/riyoupro.com\/ar\/wp-json\/wp\/v2\/product"}],"about":[{"href":"https:\/\/riyoupro.com\/ar\/wp-json\/wp\/v2\/types\/product"}],"replies":[{"embeddable":true,"href":"https:\/\/riyoupro.com\/ar\/wp-json\/wp\/v2\/comments?post=5766"}],"wp:featuredmedia":[{"embeddable":true,"href":"https:\/\/riyoupro.com\/ar\/wp-json\/wp\/v2\/media\/5757"}],"wp:attachment":[{"href":"https:\/\/riyoupro.com\/ar\/wp-json\/wp\/v2\/media?parent=5766"}],"wp:term":[{"taxonomy":"product_brand","embeddable":true,"href":"https:\/\/riyoupro.com\/ar\/wp-json\/wp\/v2\/product_brand?post=5766"},{"taxonomy":"product_cat","embeddable":true,"href":"https:\/\/riyoupro.com\/ar\/wp-json\/wp\/v2\/product_cat?post=5766"},{"taxonomy":"product_tag","embeddable":true,"href":"https:\/\/riyoupro.com\/ar\/wp-json\/wp\/v2\/product_tag?post=5766"}],"curies":[{"name":"wp","href":"https:\/\/api.w.org\/{rel}","templated":true}]}}