{"id":5765,"date":"2025-07-24T13:43:33","date_gmt":"2025-07-24T13:43:33","guid":{"rendered":"https:\/\/riyoupro.com\/?post_type=product&#038;p=5765"},"modified":"2025-07-24T16:32:16","modified_gmt":"2025-07-24T16:32:16","slug":"gombo-bio","status":"publish","type":"product","link":"https:\/\/riyoupro.com\/ar\/product\/gombo-bio\/","title":{"rendered":"\u0628\u0627\u0645\u064a\u0629 \u0639\u0636\u0648\u064a\u0629"},"content":{"rendered":"<p>\u0627\u0644\u0628\u0627\u0645\u064a\u0629 \u0627\u0644\u0639\u0636\u0648\u064a\u0629 \u0647\u064a \u062e\u0636\u0627\u0631 \u0627\u0633\u062a\u0648\u0627\u0626\u064a\u0629 \u0645\u0634\u0647\u0648\u0631\u0629 \u0628\u0642\u0648\u0627\u0645\u0647\u0627 \u0627\u0644\u0641\u0631\u064a\u062f \u0648\u063a\u0646\u0627\u0647\u0627 \u0628\u0627\u0644\u0623\u0644\u064a\u0627\u0641. \u062a\u064f\u0633\u062a\u062e\u062f\u0645 \u0628\u0643\u062b\u0631\u0629 \u0641\u064a \u0627\u0644\u0645\u0637\u0627\u0628\u062e \u0627\u0644\u0625\u0641\u0631\u064a\u0642\u064a\u0629 \u0648\u0627\u0644\u0643\u0627\u0631\u064a\u0628\u064a\u0629 \u0648\u0627\u0644\u0634\u0631\u0642\u064a\u0629\u060c \u062e\u0635\u0648\u0635\u064b\u0627 \u0641\u064a \u0627\u0644\u064a\u062e\u0646\u0627\u062a \u0648\u0627\u0644\u0635\u0644\u0635\u0627\u062a. \u062a\u0633\u0627\u0647\u0645 \u0627\u0644\u0628\u0627\u0645\u064a\u0629 \u0641\u064a \u0635\u062d\u0629 \u0627\u0644\u062c\u0647\u0627\u0632 \u0627\u0644\u0647\u0636\u0645\u064a \u0648\u062a\u064f\u0639\u0631\u0641 \u0628\u062e\u0635\u0627\u0626\u0635\u0647\u0627 \u0627\u0644\u063a\u0630\u0627\u0626\u064a\u0629 \u0627\u0644\u0645\u0645\u064a\u0632\u0629.<\/p>","protected":false},"excerpt":{"rendered":"<p>\u0627\u0644\u0628\u0627\u0645\u064a\u0629 \u0627\u0644\u0639\u0636\u0648\u064a\u0629 \u0647\u064a \u062e\u0636\u0627\u0631 \u0627\u0633\u062a\u0648\u0627\u0626\u064a\u0629 \u0645\u0634\u0647\u0648\u0631\u0629 \u0628\u0642\u0648\u0627\u0645\u0647\u0627 \u0627\u0644\u0641\u0631\u064a\u062f \u0648\u063a\u0646\u0627\u0647\u0627 \u0628\u0627\u0644\u0623\u0644\u064a\u0627\u0641. \u062a\u064f\u0633\u062a\u062e\u062f\u0645 \u0628\u0643\u062b\u0631\u0629 \u0641\u064a \u0627\u0644\u0645\u0637\u0627\u0628\u062e \u0627\u0644\u0625\u0641\u0631\u064a\u0642\u064a\u0629 \u0648\u0627\u0644\u0643\u0627\u0631\u064a\u0628\u064a\u0629 \u0648\u0627\u0644\u0634\u0631\u0642\u064a\u0629\u060c \u062e\u0635\u0648\u0635\u064b\u0627 \u0641\u064a \u0627\u0644\u064a\u062e\u0646\u0627\u062a \u0648\u0627\u0644\u0635\u0644\u0635\u0627\u062a. \u062a\u0633\u0627\u0647\u0645 \u0627\u0644\u0628\u0627\u0645\u064a\u0629 \u0641\u064a \u0635\u062d\u0629 \u0627\u0644\u062c\u0647\u0627\u0632 \u0627\u0644\u0647\u0636\u0645\u064a \u0648\u062a\u064f\u0639\u0631\u0641 \u0628\u062e\u0635\u0627\u0626\u0635\u0647\u0627 \u0627\u0644\u063a\u0630\u0627\u0626\u064a\u0629 \u0627\u0644\u0645\u0645\u064a\u0632\u0629.<\/p>","protected":false},"featured_media":5754,"comment_status":"open","ping_status":"closed","template":"","meta":{"_uag_custom_page_level_css":"","site-sidebar-layout":"default","site-content-layout":"","ast-site-content-layout":"default","site-content-style":"default","site-sidebar-style":"default","ast-global-header-display":"","ast-banner-title-visibility":"","ast-main-header-display":"","ast-hfb-above-header-display":"","ast-hfb-below-header-display":"","ast-hfb-mobile-header-display":"","site-post-title":"","ast-breadcrumbs-content":"","ast-featured-img":"","footer-sml-layout":"","theme-transparent-header-meta":"default","adv-header-id-meta":"","stick-header-meta":"","header-above-stick-meta":"","header-main-stick-meta":"","header-below-stick-meta":"","astra-migrate-meta-layouts":"set","ast-page-background-enabled":"default","ast-page-background-meta":{"desktop":{"background-color":"","background-image":"","background-repeat":"repeat","background-position":"center center","background-size":"auto","background-attachment":"scroll","background-type":"","background-media":"","overlay-type":"","overlay-color":"","overlay-opacity":"","overlay-gradient":""},"tablet":{"background-color":"","background-image":"","background-repeat":"repeat","background-position":"center center","background-size":"auto","background-attachment":"scroll","background-type":"","background-media":"","overlay-type":"","overlay-color":"","overlay-opacity":"","overlay-gradient":""},"mobile":{"background-color":"","background-image":"","background-repeat":"repeat","background-position":"center center","background-size":"auto","background-attachment":"scroll","background-type":"","background-media":"","overlay-type":"","overlay-color":"","overlay-opacity":"","overlay-gradient":""}},"ast-content-background-meta":{"desktop":{"background-color":"var(--ast-global-color-5)","background-image":"","background-repeat":"repeat","background-position":"center center","background-size":"auto","background-attachment":"scroll","background-type":"","background-media":"","overlay-type":"","overlay-color":"","overlay-opacity":"","overlay-gradient":""},"tablet":{"background-color":"var(--ast-global-color-5)","background-image":"","background-repeat":"repeat","background-position":"center center","background-size":"auto","background-attachment":"scroll","background-type":"","background-media":"","overlay-type":"","overlay-color":"","overlay-opacity":"","overlay-gradient":""},"mobile":{"background-color":"var(--ast-global-color-5)","background-image":"","background-repeat":"repeat","background-position":"center center","background-size":"auto","background-attachment":"scroll","background-type":"","background-media":"","overlay-type":"","overlay-color":"","overlay-opacity":"","overlay-gradient":""}}},"product_brand":[],"product_cat":[24],"product_tag":[],"class_list":{"0":"post-5765","1":"product","2":"type-product","3":"status-publish","4":"has-post-thumbnail","6":"product_cat-legumes","7":"desktop-align-center","8":"tablet-align-center","9":"mobile-align-center","11":"first","12":"instock","13":"shipping-taxable","14":"purchasable","15":"product-type-simple"},"aioseo_notices":[],"uagb_featured_image_src":{"full":["https:\/\/riyoupro.com\/wp-content\/uploads\/2025\/07\/OKRA_VITADAFURESE.jpg",1306,1600,false],"thumbnail":["https:\/\/riyoupro.com\/wp-content\/uploads\/2025\/07\/OKRA_VITADAFURESE-150x150.jpg",150,150,true],"medium":["https:\/\/riyoupro.com\/wp-content\/uploads\/2025\/07\/OKRA_VITADAFURESE-245x300.jpg",245,300,true],"medium_large":["https:\/\/riyoupro.com\/wp-content\/uploads\/2025\/07\/OKRA_VITADAFURESE-768x941.jpg",768,941,true],"large":["https:\/\/riyoupro.com\/wp-content\/uploads\/2025\/07\/OKRA_VITADAFURESE-836x1024.jpg",836,1024,true],"1536x1536":["https:\/\/riyoupro.com\/wp-content\/uploads\/2025\/07\/OKRA_VITADAFURESE-1254x1536.jpg",1254,1536,true],"2048x2048":["https:\/\/riyoupro.com\/wp-content\/uploads\/2025\/07\/OKRA_VITADAFURESE.jpg",1306,1600,false],"trp-custom-language-flag":["https:\/\/riyoupro.com\/wp-content\/uploads\/2025\/07\/OKRA_VITADAFURESE.jpg",10,12,false],"woocommerce_thumbnail":["https:\/\/riyoupro.com\/wp-content\/uploads\/2025\/07\/OKRA_VITADAFURESE-300x300.jpg",300,300,true],"woocommerce_single":["https:\/\/riyoupro.com\/wp-content\/uploads\/2025\/07\/OKRA_VITADAFURESE-600x735.jpg",600,735,true],"woocommerce_gallery_thumbnail":["https:\/\/riyoupro.com\/wp-content\/uploads\/2025\/07\/OKRA_VITADAFURESE-100x100.jpg",100,100,true]},"uagb_author_info":{"display_name":"kancar","author_link":"https:\/\/riyoupro.com\/ar\/author\/"},"uagb_comment_info":0,"uagb_excerpt":"Le gombo bio est un l\u00e9gume exotique appr\u00e9ci\u00e9 pour sa texture unique et sa richesse en fibres. Il est tr\u00e8s utilis\u00e9 dans les cuisines africaines, antillaises et orientales, notamment dans les rago\u00fbts et les sauces. Le gombo contribue \u00e0 la sant\u00e9 digestive et est reconnu pour ses propri\u00e9t\u00e9s nutritionnelles exceptionnelles.","_links":{"self":[{"href":"https:\/\/riyoupro.com\/ar\/wp-json\/wp\/v2\/product\/5765","targetHints":{"allow":["GET"]}}],"collection":[{"href":"https:\/\/riyoupro.com\/ar\/wp-json\/wp\/v2\/product"}],"about":[{"href":"https:\/\/riyoupro.com\/ar\/wp-json\/wp\/v2\/types\/product"}],"replies":[{"embeddable":true,"href":"https:\/\/riyoupro.com\/ar\/wp-json\/wp\/v2\/comments?post=5765"}],"wp:featuredmedia":[{"embeddable":true,"href":"https:\/\/riyoupro.com\/ar\/wp-json\/wp\/v2\/media\/5754"}],"wp:attachment":[{"href":"https:\/\/riyoupro.com\/ar\/wp-json\/wp\/v2\/media?parent=5765"}],"wp:term":[{"taxonomy":"product_brand","embeddable":true,"href":"https:\/\/riyoupro.com\/ar\/wp-json\/wp\/v2\/product_brand?post=5765"},{"taxonomy":"product_cat","embeddable":true,"href":"https:\/\/riyoupro.com\/ar\/wp-json\/wp\/v2\/product_cat?post=5765"},{"taxonomy":"product_tag","embeddable":true,"href":"https:\/\/riyoupro.com\/ar\/wp-json\/wp\/v2\/product_tag?post=5765"}],"curies":[{"name":"wp","href":"https:\/\/api.w.org\/{rel}","templated":true}]}}