{"id":3682,"date":"2025-07-22T17:56:19","date_gmt":"2025-07-22T17:56:19","guid":{"rendered":"http:\/\/riyoupro.com\/product\/handpicked-red-chillies\/"},"modified":"2025-07-24T16:32:33","modified_gmt":"2025-07-24T16:32:33","slug":"handpicked-red-chillies","status":"publish","type":"product","link":"https:\/\/riyoupro.com\/ar\/product\/handpicked-red-chillies\/","title":{"rendered":"\u062c\u0632\u0631"},"content":{"rendered":"<p>\u0627\u0644\u062c\u0632\u0631 \u0647\u0648 \u062e\u0636\u0627\u0631 \u062c\u0630\u0631\u064a \u0630\u0648 \u0623\u0644\u0648\u0627\u0646 \u0632\u0627\u0647\u064a\u0629\u060c \u0645\u0642\u0631\u0645\u0634 \u0648\u062d\u0644\u0648 \u0627\u0644\u0645\u0630\u0627\u0642. \u064a\u064f\u0639\u062f \u0645\u0635\u062f\u0631\u064b\u0627 \u0623\u0633\u0627\u0633\u064a\u064b\u0627 \u0644\u0644\u0628\u064a\u062a\u0627 \u0643\u0627\u0631\u0648\u062a\u064a\u0646 \u0648\u0627\u0644\u0623\u0644\u064a\u0627\u0641\u060c \u0648\u0647\u0648 \u0645\u0641\u064a\u062f \u0644\u0644\u0646\u0638\u0631 \u0648\u0635\u062d\u0629 \u0627\u0644\u0628\u0634\u0631\u0629. \u064a\u064f\u0633\u062a\u062e\u062f\u0645 \u0646\u064a\u0626\u064b\u0627 \u0641\u064a \u0627\u0644\u0633\u0644\u0637\u0627\u062a \u0623\u0648 \u0645\u0628\u0634\u0648\u0631\u064b\u0627 \u0623\u0648 \u0645\u0637\u0628\u0648\u062e\u064b\u0627 \u0641\u064a \u0627\u0644\u0623\u0637\u0628\u0627\u0642 \u0627\u0644\u0645\u0637\u0647\u064a\u0629\u060c \u0648\u064a\u062a\u0646\u0627\u0633\u0628 \u0627\u0644\u062c\u0632\u0631 \u062a\u0645\u0627\u0645\u064b\u0627 \u0645\u0639 \u0627\u0644\u0639\u062f\u064a\u062f \u0645\u0646 \u0627\u0644\u0648\u0635\u0641\u0627\u062a \u0627\u0644\u0635\u062d\u064a\u0629 \u0648\u0627\u0644\u0644\u0630\u064a\u0630\u0629.<\/p>","protected":false},"excerpt":{"rendered":"<p data-start=\"653\" data-end=\"1014\">\u0627\u0644\u062c\u0632\u0631 \u0647\u0648 \u062e\u0636\u0627\u0631 \u062c\u0630\u0631\u064a \u0630\u0648 \u0623\u0644\u0648\u0627\u0646 \u0632\u0627\u0647\u064a\u0629\u060c \u0645\u0642\u0631\u0645\u0634 \u0648\u062d\u0644\u0648 \u0627\u0644\u0645\u0630\u0627\u0642. \u064a\u064f\u0639\u062f \u0645\u0635\u062f\u0631\u064b\u0627 \u0623\u0633\u0627\u0633\u064a\u064b\u0627 \u0644\u0644\u0628\u064a\u062a\u0627 \u0643\u0627\u0631\u0648\u062a\u064a\u0646 \u0648\u0627\u0644\u0623\u0644\u064a\u0627\u0641\u060c \u0648\u0647\u0648 \u0645\u0641\u064a\u062f \u0644\u0644\u0646\u0638\u0631 \u0648\u0635\u062d\u0629 \u0627\u0644\u0628\u0634\u0631\u0629. \u064a\u064f\u0633\u062a\u062e\u062f\u0645 \u0646\u064a\u0626\u064b\u0627 \u0641\u064a \u0627\u0644\u0633\u0644\u0637\u0627\u062a \u0623\u0648 \u0645\u0628\u0634\u0648\u0631\u064b\u0627 \u0623\u0648 \u0645\u0637\u0628\u0648\u062e\u064b\u0627 \u0641\u064a \u0627\u0644\u0623\u0637\u0628\u0627\u0642 \u0627\u0644\u0645\u0637\u0647\u064a\u0629\u060c \u0648\u064a\u062a\u0646\u0627\u0633\u0628 \u0627\u0644\u062c\u0632\u0631 \u062a\u0645\u0627\u0645\u064b\u0627 \u0645\u0639 \u0627\u0644\u0639\u062f\u064a\u062f \u0645\u0646 \u0627\u0644\u0648\u0635\u0641\u0627\u062a \u0627\u0644\u0635\u062d\u064a\u0629 \u0648\u0627\u0644\u0644\u0630\u064a\u0630\u0629.<\/p>","protected":false},"featured_media":5734,"comment_status":"open","ping_status":"closed","template":"","meta":{"_uag_custom_page_level_css":"","site-sidebar-layout":"default","site-content-layout":"default","ast-site-content-layout":"default","site-content-style":"default","site-sidebar-style":"default","ast-global-header-display":"","ast-banner-title-visibility":"","ast-main-header-display":"","ast-hfb-above-header-display":"","ast-hfb-below-header-display":"","ast-hfb-mobile-header-display":"","site-post-title":"","ast-breadcrumbs-content":"","ast-featured-img":"","footer-sml-layout":"","theme-transparent-header-meta":"default","adv-header-id-meta":"","stick-header-meta":"","header-above-stick-meta":"","header-main-stick-meta":"","header-below-stick-meta":"","astra-migrate-meta-layouts":"set","ast-page-background-enabled":"default","ast-page-background-meta":{"desktop":{"background-color":"","background-image":"","background-repeat":"repeat","background-position":"center center","background-size":"auto","background-attachment":"scroll","background-type":"","background-media":"","overlay-type":"","overlay-color":"","overlay-opacity":"","overlay-gradient":""},"tablet":{"background-color":"","background-image":"","background-repeat":"repeat","background-position":"center center","background-size":"auto","background-attachment":"scroll","background-type":"","background-media":"","overlay-type":"","overlay-color":"","overlay-opacity":"","overlay-gradient":""},"mobile":{"background-color":"","background-image":"","background-repeat":"repeat","background-position":"center center","background-size":"auto","background-attachment":"scroll","background-type":"","background-media":"","overlay-type":"","overlay-color":"","overlay-opacity":"","overlay-gradient":""}},"ast-content-background-meta":{"desktop":{"background-color":"var(--ast-global-color-5)","background-image":"","background-repeat":"repeat","background-position":"center center","background-size":"auto","background-attachment":"scroll","background-type":"","background-media":"","overlay-type":"","overlay-color":"","overlay-opacity":"","overlay-gradient":""},"tablet":{"background-color":"var(--ast-global-color-5)","background-image":"","background-repeat":"repeat","background-position":"center center","background-size":"auto","background-attachment":"scroll","background-type":"","background-media":"","overlay-type":"","overlay-color":"","overlay-opacity":"","overlay-gradient":""},"mobile":{"background-color":"var(--ast-global-color-5)","background-image":"","background-repeat":"repeat","background-position":"center center","background-size":"auto","background-attachment":"scroll","background-type":"","background-media":"","overlay-type":"","overlay-color":"","overlay-opacity":"","overlay-gradient":""}}},"product_brand":[],"product_cat":[24],"product_tag":[],"class_list":{"0":"post-3682","1":"product","2":"type-product","3":"status-publish","4":"has-post-thumbnail","6":"product_cat-legumes","7":"desktop-align-center","8":"tablet-align-center","9":"mobile-align-center","11":"first","12":"instock","13":"featured","14":"shipping-taxable","15":"purchasable","16":"product-type-simple"},"aioseo_notices":[],"uagb_featured_image_src":{"full":["https:\/\/riyoupro.com\/wp-content\/uploads\/2025\/07\/2592709737.jpg",400,400,false],"thumbnail":["https:\/\/riyoupro.com\/wp-content\/uploads\/2025\/07\/2592709737-150x150.jpg",150,150,true],"medium":["https:\/\/riyoupro.com\/wp-content\/uploads\/2025\/07\/2592709737-300x300.jpg",300,300,true],"medium_large":["https:\/\/riyoupro.com\/wp-content\/uploads\/2025\/07\/2592709737.jpg",400,400,false],"large":["https:\/\/riyoupro.com\/wp-content\/uploads\/2025\/07\/2592709737.jpg",400,400,false],"1536x1536":["https:\/\/riyoupro.com\/wp-content\/uploads\/2025\/07\/2592709737.jpg",400,400,false],"2048x2048":["https:\/\/riyoupro.com\/wp-content\/uploads\/2025\/07\/2592709737.jpg",400,400,false],"trp-custom-language-flag":["https:\/\/riyoupro.com\/wp-content\/uploads\/2025\/07\/2592709737.jpg",12,12,false],"woocommerce_thumbnail":["https:\/\/riyoupro.com\/wp-content\/uploads\/2025\/07\/2592709737-300x300.jpg",300,300,true],"woocommerce_single":["https:\/\/riyoupro.com\/wp-content\/uploads\/2025\/07\/2592709737.jpg",400,400,false],"woocommerce_gallery_thumbnail":["https:\/\/riyoupro.com\/wp-content\/uploads\/2025\/07\/2592709737-100x100.jpg",100,100,true]},"uagb_author_info":{"display_name":"kancar","author_link":"https:\/\/riyoupro.com\/ar\/author\/"},"uagb_comment_info":0,"uagb_excerpt":"La carotte est un l\u00e9gume racine aux couleurs vives, croquante et sucr\u00e9e. Source essentielle de b\u00eata-carot\u00e8ne et de fibres, elle est b\u00e9n\u00e9fique pour la vision et la sant\u00e9 de la peau. Utilis\u00e9e crue dans les salades, r\u00e2p\u00e9e ou cuite dans les plats mijot\u00e9s, la carotte se marie parfaitement avec une multitude de recettes saines et&hellip;","_links":{"self":[{"href":"https:\/\/riyoupro.com\/ar\/wp-json\/wp\/v2\/product\/3682","targetHints":{"allow":["GET"]}}],"collection":[{"href":"https:\/\/riyoupro.com\/ar\/wp-json\/wp\/v2\/product"}],"about":[{"href":"https:\/\/riyoupro.com\/ar\/wp-json\/wp\/v2\/types\/product"}],"replies":[{"embeddable":true,"href":"https:\/\/riyoupro.com\/ar\/wp-json\/wp\/v2\/comments?post=3682"}],"wp:featuredmedia":[{"embeddable":true,"href":"https:\/\/riyoupro.com\/ar\/wp-json\/wp\/v2\/media\/5734"}],"wp:attachment":[{"href":"https:\/\/riyoupro.com\/ar\/wp-json\/wp\/v2\/media?parent=3682"}],"wp:term":[{"taxonomy":"product_brand","embeddable":true,"href":"https:\/\/riyoupro.com\/ar\/wp-json\/wp\/v2\/product_brand?post=3682"},{"taxonomy":"product_cat","embeddable":true,"href":"https:\/\/riyoupro.com\/ar\/wp-json\/wp\/v2\/product_cat?post=3682"},{"taxonomy":"product_tag","embeddable":true,"href":"https:\/\/riyoupro.com\/ar\/wp-json\/wp\/v2\/product_tag?post=3682"}],"curies":[{"name":"wp","href":"https:\/\/api.w.org\/{rel}","templated":true}]}}