{"id":5644,"date":"2025-07-23T07:14:31","date_gmt":"2025-07-23T07:14:31","guid":{"rendered":"https:\/\/riyoupro.com\/?page_id=5644"},"modified":"2025-07-27T17:21:22","modified_gmt":"2025-07-27T17:21:22","slug":"a-propos-de-nous","status":"publish","type":"page","link":"https:\/\/riyoupro.com\/ar\/a-propos-de-nous\/","title":{"rendered":"\u0645\u0646 \u0646\u062d\u0646"},"content":{"rendered":"<div data-elementor-type=\"wp-page\" data-elementor-id=\"5644\" class=\"elementor elementor-5644\">\n\t\t\t\t<div class=\"elementor-element elementor-element-2324519e e-con-full e-flex e-con e-parent\" data-id=\"2324519e\" data-element_type=\"container\" data-settings=\"{&quot;background_background&quot;:&quot;classic&quot;}\">\n\t\t<div class=\"elementor-element elementor-element-63184a4a e-con-full e-flex e-con e-child\" data-id=\"63184a4a\" data-element_type=\"container\">\n\t\t\t\t<div class=\"elementor-element elementor-element-1c4f3445 elementor-invisible elementor-widget elementor-widget-image\" data-id=\"1c4f3445\" data-element_type=\"widget\" data-settings=\"{&quot;_animation&quot;:&quot;fadeIn&quot;,&quot;_animation_mobile&quot;:&quot;fadeIn&quot;}\" data-widget_type=\"image.default\">\n\t\t\t\t<div class=\"elementor-widget-container\">\n\t\t\t\t\t\t\t\t\t\t\t\t\t\t\t<img fetchpriority=\"high\" decoding=\"async\" width=\"612\" height=\"459\" src=\"https:\/\/riyoupro.com\/wp-content\/uploads\/2025\/07\/istockphoto-2180472030-612x612-1.jpg\" class=\"attachment-large size-large wp-image-5662\" alt=\"\" srcset=\"https:\/\/riyoupro.com\/wp-content\/uploads\/2025\/07\/istockphoto-2180472030-612x612-1.jpg 612w, https:\/\/riyoupro.com\/wp-content\/uploads\/2025\/07\/istockphoto-2180472030-612x612-1-300x225.jpg 300w, https:\/\/riyoupro.com\/wp-content\/uploads\/2025\/07\/istockphoto-2180472030-612x612-1-600x450.jpg 600w\" sizes=\"(max-width: 612px) 100vw, 612px\" \/>\t\t\t\t\t\t\t\t\t\t\t\t\t\t\t<\/div>\n\t\t\t\t<\/div>\n\t\t\t\t<\/div>\n\t\t<div class=\"elementor-element elementor-element-453812b3 e-con-full e-flex e-con e-child\" data-id=\"453812b3\" data-element_type=\"container\">\n\t\t\t\t<div class=\"elementor-element elementor-element-6497d0c2 elementor-invisible elementor-widget elementor-widget-heading\" data-id=\"6497d0c2\" data-element_type=\"widget\" data-settings=\"{&quot;_animation&quot;:&quot;fadeIn&quot;}\" data-widget_type=\"heading.default\">\n\t\t\t\t<div class=\"elementor-widget-container\">\n\t\t\t\t\t<h1 class=\"elementor-heading-title elementor-size-default\">\u0639\u0631\u0636 \u062a\u0642\u062f\u064a\u0645\u064a \u0644\u0634\u0631\u0643\u0629 RI-YOU Pro<\/h1>\t\t\t\t<\/div>\n\t\t\t\t<\/div>\n\t\t\t\t<div class=\"elementor-element elementor-element-713693fc elementor-invisible elementor-widget elementor-widget-text-editor\" data-id=\"713693fc\" data-element_type=\"widget\" data-settings=\"{&quot;_animation&quot;:&quot;fadeIn&quot;}\" data-widget_type=\"text-editor.default\">\n\t\t\t\t<div class=\"elementor-widget-container\">\n\t\t\t\t\t\t\t\t\t<p data-start=\"182\" data-end=\"204\"><strong data-start=\"182\" data-end=\"204\">\u0645\u0639\u0644\u0648\u0645\u0627\u062a \u0639\u0646\u0627<\/strong><\/p><p data-start=\"206\" data-end=\"354\">\u0634\u0631\u0643\u0629 RI-YOU Pro \u0645\u062a\u062e\u0635\u0635\u0629 \u0641\u064a \u062a\u0648\u0641\u064a\u0631 \u0627\u0644\u0641\u0648\u0627\u0643\u0647 \u0648\u0627\u0644\u062e\u0636\u0631\u0648\u0627\u062a \u0627\u0644\u0637\u0627\u0632\u062c\u0629 \u062d\u0635\u0631\u064a\u064b\u0627 \u0644\u0644\u0645\u0642\u0627\u0647\u064a \u0648\u0627\u0644\u0645\u0637\u0627\u0639\u0645 \u0648\u0627\u0644\u0641\u0646\u0627\u062f\u0642 (CHR).<\/p><p data-start=\"356\" data-end=\"577\">\u0628\u0641\u0636\u0644 \u062e\u0628\u0631\u0629 \u0637\u0648\u064a\u0644\u0629 \u0641\u064a \u0647\u0630\u0627 \u0627\u0644\u0645\u062c\u0627\u0644 \u0645\u0646\u0630 \u0639\u0627\u0645 1980\u060c \u062a\u0633\u062a\u0641\u064a\u062f \u0634\u0631\u0643\u062a\u0646\u0627 \u0645\u0646 \u062e\u0628\u0631\u0629 \u0648\u0645\u0639\u0631\u0641\u0629 \u0634\u0631\u0643\u062a\u0646\u0627 \u0627\u0644\u0623\u0645 \u0627\u0644\u0645\u0648\u062c\u0648\u062f\u0629 \u0641\u064a \u0627\u0644\u0645\u063a\u0631\u0628\u060c \u0627\u0644\u0628\u0644\u062f \u0627\u0644\u0645\u0639\u0631\u0648\u0641 \u0628\u063a\u0646\u0649 \u0648\u062c\u0648\u062f\u0629 \u0645\u0646\u062a\u062c\u0627\u062a\u0647 \u0627\u0644\u0632\u0631\u0627\u0639\u064a\u0629.<\/p><p data-start=\"579\" data-end=\"780\">\u0628\u0635\u0641\u062a\u0646\u0627 \u0645\u0633\u062a\u0648\u0631\u062f\u064a\u0646 \u0645\u0628\u0627\u0634\u0631\u064a\u0646\u060c \u0646\u062a\u062d\u0643\u0645 \u0641\u064a \u0633\u0644\u0633\u0644\u0629 \u0627\u0644\u062a\u0648\u0631\u064a\u062f \u0628\u0627\u0644\u0643\u0627\u0645\u0644\u060c \u0645\u0646 \u0627\u0644\u0645\u0646\u062a\u062c \u0625\u0644\u0649 \u0627\u0644\u062a\u0633\u0644\u064a\u0645 \u0627\u0644\u0646\u0647\u0627\u0626\u064a\u060c \u0645\u0639 \u0627\u0644\u0627\u0644\u062a\u0632\u0627\u0645 \u0628\u0645\u0639\u0627\u064a\u064a\u0631 \u0635\u0627\u0631\u0645\u0629 \u0644\u0644\u0646\u0638\u0627\u0641\u0629 \u0648\u0625\u0645\u0643\u0627\u0646\u064a\u0629 \u0627\u0644\u062a\u062a\u0628\u0639.<\/p>\t\t\t\t\t\t\t\t<\/div>\n\t\t\t\t<\/div>\n\t\t\t\t<\/div>\n\t\t\t\t<\/div>\n\t\t<div class=\"elementor-element elementor-element-1e0fb4a1 e-con-full e-flex e-con e-parent\" data-id=\"1e0fb4a1\" data-element_type=\"container\" data-settings=\"{&quot;background_background&quot;:&quot;classic&quot;}\">\n\t\t<div class=\"elementor-element elementor-element-3dc51fb0 e-con-full e-flex e-con e-child\" data-id=\"3dc51fb0\" data-element_type=\"container\">\n\t\t\t\t<div class=\"elementor-element elementor-element-461c1401 elementor-invisible elementor-widget elementor-widget-heading\" data-id=\"461c1401\" data-element_type=\"widget\" data-settings=\"{&quot;_animation&quot;:&quot;fadeIn&quot;}\" data-widget_type=\"heading.default\">\n\t\t\t\t<div class=\"elementor-widget-container\">\n\t\t\t\t\t<h2 class=\"elementor-heading-title elementor-size-default\"><strong data-start=\"1020\" data-end=\"1037\">\u0645\u0647\u0645\u062a\u0646\u0627<\/strong><\/h2>\t\t\t\t<\/div>\n\t\t\t\t<\/div>\n\t\t\t\t<div class=\"elementor-element elementor-element-cc92690 elementor-invisible elementor-widget elementor-widget-text-editor\" data-id=\"cc92690\" data-element_type=\"widget\" data-settings=\"{&quot;_animation&quot;:&quot;fadeIn&quot;}\" data-widget_type=\"text-editor.default\">\n\t\t\t\t<div class=\"elementor-widget-container\">\n\t\t\t\t\t\t\t\t\t<p data-start=\"128\" data-end=\"283\"><strong data-start=\"128\" data-end=\"283\">\u062a\u0642\u062f\u064a\u0645 \u062e\u062f\u0645\u0629 \u0645\u0648\u062b\u0648\u0642\u0629 \u0648\u0633\u0631\u064a\u0639\u0629 \u0648\u0634\u062e\u0635\u064a\u0629 \u0644\u0645\u062a\u062e\u0635\u0635\u064a \u0642\u0637\u0627\u0639 \u0627\u0644\u0645\u0642\u0627\u0647\u064a \u0648\u0627\u0644\u0645\u0637\u0627\u0639\u0645 \u0648\u0627\u0644\u0641\u0646\u0627\u062f\u0642\u060c \u0645\u0639 \u0645\u0646\u062a\u062c\u0627\u062a \u0641\u0627\u0626\u0642\u0629 \u0627\u0644\u0637\u0632\u0627\u062c\u0629 \u0648\u0638\u0631\u0648\u0641 \u0635\u062d\u064a\u0629 \u0644\u0627 \u062a\u0634\u0648\u0628\u0647\u0627 \u0634\u0627\u0626\u0628\u0629.<\/strong><\/p><p data-start=\"285\" data-end=\"306\"><strong data-start=\"285\" data-end=\"306\">\u0627\u0644\u062a\u0632\u0627\u0645\u0627\u062a\u0646\u0627:<\/strong><\/p><p data-start=\"308\" data-end=\"786\">\u0627\u0633\u062a\u064a\u0631\u0627\u062f \u0645\u0628\u0627\u0634\u0631 \u0645\u0646 \u0627\u0644\u0645\u063a\u0631\u0628\u060c \u0628\u062f\u0648\u0646 \u0648\u0633\u0637\u0627\u0621<br data-start=\"357\" data-end=\"360\" \/>\u0645\u0646\u062a\u062c\u0627\u062a \u0639\u0627\u0644\u064a\u0629 \u0627\u0644\u062c\u0648\u062f\u0629\u060c \u064a\u062a\u0645 \u0627\u062e\u062a\u064a\u0627\u0631\u0647\u0627 \u0628\u0639\u0646\u0627\u064a\u0629 \u0641\u0627\u0626\u0642\u0629: \u0641\u0648\u0627\u0643\u0647 \u0645\u0648\u0633\u0645\u064a\u0629\u060c \u062e\u0636\u0631\u0648\u0627\u062a \u062a\u0642\u0644\u064a\u062f\u064a\u0629 \u0623\u0648 \u0639\u0636\u0648\u064a\u0629\u060c \u0623\u0639\u0634\u0627\u0628 \u0639\u0637\u0631\u064a\u0629\u060c \u0645\u0646\u062a\u062c\u0627\u062a \u062c\u0627\u0647\u0632\u0629 \u0644\u0644\u0637\u0647\u064a.<br data-start=\"516\" data-end=\"519\" \/>\u0627\u0644\u0627\u062d\u062a\u0631\u0627\u0645 \u0627\u0644\u0635\u0627\u0631\u0645 \u0644\u0645\u0639\u0627\u064a\u064a\u0631 \u0627\u0644\u0646\u0638\u0627\u0641\u0629\u060c \u0641\u062d\u0648\u0635\u0627\u062a \u0635\u062d\u064a\u0629 \u0645\u0646\u062a\u0638\u0645\u0629\u060c \u0648\u062a\u062e\u0632\u064a\u0646 \u0641\u064a \u063a\u0631\u0641 \u062a\u0628\u0631\u064a\u062f.<br data-start=\"614\" data-end=\"617\" \/>\u062a\u0648\u0635\u064a\u0644 \u0633\u0631\u064a\u0639 \u0648\u0645\u0631\u0646\u060c \u064a\u062a\u0645\u0627\u0634\u0649 \u0645\u0639 \u0645\u062a\u0637\u0644\u0628\u0627\u062a \u0627\u0644\u0645\u0637\u0627\u0628\u062e \u0627\u0644\u0645\u0647\u0646\u064a\u0629.<br data-start=\"704\" data-end=\"707\" \/>\u062e\u062f\u0645\u0629 \u0639\u0645\u0644\u0627\u0621 \u0633\u0631\u064a\u0639\u0629 \u0627\u0644\u0627\u0633\u062a\u062c\u0627\u0628\u0629\u060c \u0645\u0639 \u0645\u0633\u0624\u0648\u0644 \u0627\u062a\u0635\u0627\u0644 \u0648\u0627\u062d\u062f \u0644\u062a\u0633\u0647\u064a\u0644 \u0627\u0644\u062a\u0648\u0627\u0635\u0644.<\/p>\t\t\t\t\t\t\t\t<\/div>\n\t\t\t\t<\/div>\n\t\t\t\t<\/div>\n\t\t<div class=\"elementor-element elementor-element-27d82435 e-con-full e-flex e-con e-child\" data-id=\"27d82435\" data-element_type=\"container\">\n\t\t\t\t<div class=\"elementor-element elementor-element-1058134d elementor-invisible elementor-widget elementor-widget-image\" data-id=\"1058134d\" data-element_type=\"widget\" data-settings=\"{&quot;_animation&quot;:&quot;fadeIn&quot;,&quot;_animation_mobile&quot;:&quot;fadeIn&quot;}\" data-widget_type=\"image.default\">\n\t\t\t\t<div class=\"elementor-widget-container\">\n\t\t\t\t\t\t\t\t\t\t\t\t\t\t\t<img decoding=\"async\" width=\"612\" height=\"408\" src=\"https:\/\/riyoupro.com\/wp-content\/uploads\/2025\/07\/istockphoto-1605363923-612x612-1.jpg\" class=\"attachment-large size-large wp-image-5666\" alt=\"\" srcset=\"https:\/\/riyoupro.com\/wp-content\/uploads\/2025\/07\/istockphoto-1605363923-612x612-1.jpg 612w, https:\/\/riyoupro.com\/wp-content\/uploads\/2025\/07\/istockphoto-1605363923-612x612-1-300x200.jpg 300w, https:\/\/riyoupro.com\/wp-content\/uploads\/2025\/07\/istockphoto-1605363923-612x612-1-600x400.jpg 600w\" sizes=\"(max-width: 612px) 100vw, 612px\" \/>\t\t\t\t\t\t\t\t\t\t\t\t\t\t\t<\/div>\n\t\t\t\t<\/div>\n\t\t\t\t<\/div>\n\t\t\t\t<\/div>\n\t\t<div class=\"elementor-element elementor-element-22c704f9 e-con-full e-flex e-con e-parent\" data-id=\"22c704f9\" data-element_type=\"container\" data-settings=\"{&quot;background_background&quot;:&quot;classic&quot;}\">\n\t\t<div class=\"elementor-element elementor-element-264400fc e-con-full e-flex e-con e-child\" data-id=\"264400fc\" data-element_type=\"container\">\n\t\t\t\t<div class=\"elementor-element elementor-element-61c7155a elementor-invisible elementor-widget elementor-widget-heading\" data-id=\"61c7155a\" data-element_type=\"widget\" data-settings=\"{&quot;_animation&quot;:&quot;fadeIn&quot;}\" data-widget_type=\"heading.default\">\n\t\t\t\t<div class=\"elementor-widget-container\">\n\t\t\t\t\t<h2 class=\"elementor-heading-title elementor-size-default\">\u0639\u0645\u0644\u0627\u0624\u0646\u0627<\/h2>\t\t\t\t<\/div>\n\t\t\t\t<\/div>\n\t\t\t\t<div class=\"elementor-element elementor-element-18204428 elementor-invisible elementor-widget elementor-widget-text-editor\" data-id=\"18204428\" data-element_type=\"widget\" data-settings=\"{&quot;_animation&quot;:&quot;fadeIn&quot;}\" data-widget_type=\"text-editor.default\">\n\t\t\t\t<div class=\"elementor-widget-container\">\n\t\t\t\t\t\t\t\t\t<p data-start=\"122\" data-end=\"189\"><strong data-start=\"122\" data-end=\"189\">\u0646\u062d\u0646 \u0646\u0639\u0645\u0644 \u062d\u0635\u0631\u064a\u064b\u0627 \u0645\u0639 \u0627\u0644\u0645\u062a\u062e\u0635\u0635\u064a\u0646 \u0641\u064a \u0642\u0637\u0627\u0639 \u0627\u0644\u0645\u0642\u0627\u0647\u064a \u0648\u0627\u0644\u0645\u0637\u0627\u0639\u0645 \u0648\u0627\u0644\u0641\u0646\u0627\u062f\u0642 (CHR):<\/strong><\/p><p data-start=\"191\" data-end=\"325\">\u0627\u0644\u0645\u0637\u0627\u0639\u0645 (\u0627\u0644\u0631\u0627\u0642\u064a\u0629\u060c \u0627\u0644\u062a\u0642\u0644\u064a\u062f\u064a\u0629\u060c \u0648\u0627\u0644\u0633\u0631\u064a\u0639\u0629)<br data-start=\"243\" data-end=\"246\" \/>\u0627\u0644\u0641\u0646\u0627\u062f\u0642 (\u0628\u062c\u0645\u064a\u0639 \u0641\u0626\u0627\u062a\u0647\u0627)<br data-start=\"271\" data-end=\"274\" \/>\u0627\u0644\u0645\u0642\u0627\u0647\u064a\u060c \u0648\u0627\u0644\u062d\u0627\u0646\u0627\u062a\u060c \u0648\u0627\u0644\u0648\u062c\u0628\u0627\u062a \u0627\u0644\u0633\u0631\u064a\u0639\u0629\u060c \u0648\u062e\u062f\u0645\u0627\u062a \u0627\u0644\u062a\u0645\u0648\u064a\u0646 \u0627\u0644\u0645\u0647\u0646\u064a\u0629<\/p>\t\t\t\t\t\t\t\t<\/div>\n\t\t\t\t<\/div>\n\t\t\t\t<\/div>\n\t\t<div class=\"elementor-element elementor-element-4ff98f7e e-con-full e-flex e-con e-child\" data-id=\"4ff98f7e\" data-element_type=\"container\">\n\t\t\t\t<div class=\"elementor-element elementor-element-10289508 elementor-widget elementor-widget-image\" data-id=\"10289508\" data-element_type=\"widget\" data-settings=\"{&quot;_animation&quot;:&quot;none&quot;,&quot;_animation_mobile&quot;:&quot;fadeIn&quot;}\" data-widget_type=\"image.default\">\n\t\t\t\t<div class=\"elementor-widget-container\">\n\t\t\t\t\t\t\t\t\t\t\t\t\t\t\t<img decoding=\"async\" width=\"612\" height=\"408\" src=\"https:\/\/riyoupro.com\/wp-content\/uploads\/2025\/07\/istockphoto-1640337206-612x612-1.jpg\" class=\"attachment-large size-large wp-image-5672\" alt=\"\" srcset=\"https:\/\/riyoupro.com\/wp-content\/uploads\/2025\/07\/istockphoto-1640337206-612x612-1.jpg 612w, https:\/\/riyoupro.com\/wp-content\/uploads\/2025\/07\/istockphoto-1640337206-612x612-1-300x200.jpg 300w, https:\/\/riyoupro.com\/wp-content\/uploads\/2025\/07\/istockphoto-1640337206-612x612-1-600x400.jpg 600w\" sizes=\"(max-width: 612px) 100vw, 612px\" \/>\t\t\t\t\t\t\t\t\t\t\t\t\t\t\t<\/div>\n\t\t\t\t<\/div>\n\t\t\t\t<\/div>\n\t\t\t\t<\/div>\n\t\t<div class=\"elementor-element elementor-element-344190a5 e-con-full e-flex e-con e-parent\" data-id=\"344190a5\" data-element_type=\"container\" data-settings=\"{&quot;background_background&quot;:&quot;classic&quot;}\">\n\t\t<div class=\"elementor-element elementor-element-177c6c7d e-con-full e-flex e-con e-child\" data-id=\"177c6c7d\" data-element_type=\"container\">\n\t\t\t\t<div class=\"elementor-element elementor-element-49a5c7ee elementor-invisible elementor-widget elementor-widget-heading\" data-id=\"49a5c7ee\" data-element_type=\"widget\" data-settings=\"{&quot;_animation&quot;:&quot;fadeIn&quot;}\" data-widget_type=\"heading.default\">\n\t\t\t\t<div class=\"elementor-widget-container\">\n\t\t\t\t\t<h2 class=\"elementor-heading-title elementor-size-default\">\u0644\u0645\u0627\u0630\u0627 \u062a\u062e\u062a\u0627\u0631 Fra\u00eecheur Pro\u061f<\/h2>\t\t\t\t<\/div>\n\t\t\t\t<\/div>\n\t\t\t\t<div class=\"elementor-element elementor-element-526b0945 elementor-invisible elementor-widget elementor-widget-text-editor\" data-id=\"526b0945\" data-element_type=\"widget\" data-settings=\"{&quot;_animation&quot;:&quot;fadeIn&quot;}\" data-widget_type=\"text-editor.default\">\n\t\t\t\t<div class=\"elementor-widget-container\">\n\t\t\t\t\t\t\t\t\t<p>\u0623\u0643\u062b\u0631 \u0645\u0646 40 \u0639\u0627\u0645\u064b\u0627 \u0645\u0646 \u0627\u0644\u062e\u0628\u0631\u0629 \u0641\u064a \u0625\u0646\u062a\u0627\u062c \u0648\u062a\u0635\u062f\u064a\u0631 \u0627\u0644\u0641\u0648\u0627\u0643\u0647 \u0648\u0627\u0644\u062e\u0636\u0631\u0648\u0627\u062a<br \/>\u0634\u0631\u0643\u0629 \u0623\u0645 \u0641\u064a \u0627\u0644\u0645\u063a\u0631\u0628 \u0644\u0636\u0645\u0627\u0646 \u0627\u0644\u0642\u0631\u0628 \u0627\u0644\u0645\u0628\u0627\u0634\u0631 \u0645\u0646 \u0627\u0644\u0645\u0646\u062a\u062c\u064a\u0646<br \/>\u0627\u0644\u0646\u0638\u0627\u0641\u0629 \u0648\u0633\u0644\u0627\u0645\u0629 \u0627\u0644\u063a\u0630\u0627\u0621 \u0641\u064a \u0635\u0645\u064a\u0645 \u0645\u0645\u0627\u0631\u0633\u0627\u062a\u0646\u0627<br \/>\u0627\u0644\u0633\u0631\u0639\u0629 \u0641\u064a \u0627\u0644\u0627\u0633\u062a\u062c\u0627\u0628\u0629\u060c \u0627\u0644\u0634\u0641\u0627\u0641\u064a\u0629\u060c \u0648\u062e\u062f\u0645\u0629 \u0645\u062e\u0635\u0635\u0629 \u062d\u0633\u0628 \u0627\u0644\u0637\u0644\u0628<\/p>\t\t\t\t\t\t\t\t<\/div>\n\t\t\t\t<\/div>\n\t\t\t\t<\/div>\n\t\t<div class=\"elementor-element elementor-element-351d6858 e-con-full e-flex e-con e-child\" data-id=\"351d6858\" data-element_type=\"container\">\n\t\t\t\t<div class=\"elementor-element elementor-element-6b0f43ef elementor-invisible elementor-widget elementor-widget-image\" data-id=\"6b0f43ef\" data-element_type=\"widget\" data-settings=\"{&quot;_animation&quot;:&quot;fadeIn&quot;,&quot;_animation_mobile&quot;:&quot;fadeIn&quot;}\" data-widget_type=\"image.default\">\n\t\t\t\t<div class=\"elementor-widget-container\">\n\t\t\t\t\t\t\t\t\t\t\t\t\t\t\t<img loading=\"lazy\" decoding=\"async\" width=\"1024\" height=\"683\" src=\"https:\/\/riyoupro.com\/wp-content\/uploads\/2025\/07\/ChatGPT-Image-23-Tem-2025-09_17_35-1024x683.png\" class=\"attachment-large size-large wp-image-5667\" alt=\"\" srcset=\"https:\/\/riyoupro.com\/wp-content\/uploads\/2025\/07\/ChatGPT-Image-23-Tem-2025-09_17_35-1024x683.png 1024w, https:\/\/riyoupro.com\/wp-content\/uploads\/2025\/07\/ChatGPT-Image-23-Tem-2025-09_17_35-300x200.png 300w, https:\/\/riyoupro.com\/wp-content\/uploads\/2025\/07\/ChatGPT-Image-23-Tem-2025-09_17_35-768x512.png 768w, https:\/\/riyoupro.com\/wp-content\/uploads\/2025\/07\/ChatGPT-Image-23-Tem-2025-09_17_35-600x400.png 600w, https:\/\/riyoupro.com\/wp-content\/uploads\/2025\/07\/ChatGPT-Image-23-Tem-2025-09_17_35.png 1536w\" sizes=\"(max-width: 1024px) 100vw, 1024px\" \/>\t\t\t\t\t\t\t\t\t\t\t\t\t\t\t<\/div>\n\t\t\t\t<\/div>\n\t\t\t\t<\/div>\n\t\t\t\t<\/div>\n\t\t<div class=\"elementor-element elementor-element-5d7dd331 e-flex e-con-boxed e-con e-parent\" data-id=\"5d7dd331\" data-element_type=\"container\" data-settings=\"{&quot;background_background&quot;:&quot;classic&quot;}\">\n\t\t\t\t\t<div class=\"e-con-inner\">\n\t\t\t\t<div class=\"elementor-element elementor-element-2bb76a31 elementor-invisible elementor-widget elementor-widget-heading\" data-id=\"2bb76a31\" data-element_type=\"widget\" data-settings=\"{&quot;_animation&quot;:&quot;fadeIn&quot;}\" data-widget_type=\"heading.default\">\n\t\t\t\t<div class=\"elementor-widget-container\">\n\t\t\t\t\t<h6 class=\"elementor-heading-title elementor-size-default\"><b>\u0645\u0648\u0631\u062f \u0644\u0642\u0637\u0627\u0639 \u0627\u0644\u0645\u0642\u0627\u0647\u064a \u0648\u0627\u0644\u0645\u0637\u0627\u0639\u0645 \u0648\u0627\u0644\u0641\u0646\u0627\u062f\u0642 (CHR) \u0645\u0646\u0630 \u0639\u0627\u0645 1980<\/b><\/h6>\t\t\t\t<\/div>\n\t\t\t\t<\/div>\n\t\t\t\t<div class=\"elementor-element elementor-element-145d1d4f elementor-invisible elementor-widget elementor-widget-heading\" data-id=\"145d1d4f\" data-element_type=\"widget\" data-settings=\"{&quot;_animation&quot;:&quot;fadeIn&quot;}\" data-widget_type=\"heading.default\">\n\t\t\t\t<div class=\"elementor-widget-container\">\n\t\t\t\t\t<h5 class=\"elementor-heading-title elementor-size-default\">\u0647\u0644 \u062a\u062d\u062a\u0627\u062c \u0625\u0644\u0649 \u0645\u0648\u0631\u062f \u0645\u0648\u062b\u0648\u0642 \u0644\u0644\u0641\u0648\u0627\u0643\u0647 \u0648\u0627\u0644\u062e\u0636\u0631\u0648\u0627\u062a \u0627\u0644\u0637\u0627\u0632\u062c\u0629\u061f\n\u0627\u062a\u0635\u0644 \u0628\u0646\u0627 \u0627\u0644\u0622\u0646.<\/h5>\t\t\t\t<\/div>\n\t\t\t\t<\/div>\n\t\t\t\t<div class=\"elementor-element elementor-element-401dd0c2 elementor-invisible elementor-widget elementor-widget-heading\" data-id=\"401dd0c2\" data-element_type=\"widget\" data-settings=\"{&quot;_animation&quot;:&quot;fadeIn&quot;}\" data-widget_type=\"heading.default\">\n\t\t\t\t<div class=\"elementor-widget-container\">\n\t\t\t\t\t<h5 class=\"elementor-heading-title elementor-size-default\">\u0627\u0633\u062a\u064a\u0631\u0627\u062f \u0645\u0628\u0627\u0634\u0631 \u0645\u0646 \u0627\u0644\u0645\u063a\u0631\u0628. \u062c\u0648\u062f\u0629 \u062e\u0627\u0636\u0639\u0629 \u0644\u0644\u0631\u0642\u0627\u0628\u0629. \u062a\u0648\u0635\u064a\u0644\u0627\u062a \u0633\u0631\u064a\u0639\u0629.<\/h5>\t\t\t\t<\/div>\n\t\t\t\t<\/div>\n\t\t\t\t<div class=\"elementor-element elementor-element-469219be elementor-align-center elementor-invisible elementor-widget elementor-widget-button\" data-id=\"469219be\" data-element_type=\"widget\" data-settings=\"{&quot;_animation&quot;:&quot;fadeIn&quot;}\" data-widget_type=\"button.default\">\n\t\t\t\t<div class=\"elementor-widget-container\">\n\t\t\t\t\t\t\t\t\t<div class=\"elementor-button-wrapper\">\n\t\t\t\t\t<a class=\"elementor-button elementor-button-link elementor-size-sm\" href=\"https:\/\/riyoupro.com\/ar\/contactez-nous\/\">\n\t\t\t\t\t\t<span class=\"elementor-button-content-wrapper\">\n\t\t\t\t\t\t\t\t\t<span class=\"elementor-button-text\">\u0627\u062a\u0635\u0644 \u0628\u0646\u0627<\/span>\n\t\t\t\t\t<\/span>\n\t\t\t\t\t<\/a>\n\t\t\t\t<\/div>\n\t\t\t\t\t\t\t\t<\/div>\n\t\t\t\t<\/div>\n\t\t\t\t\t<\/div>\n\t\t\t\t<\/div>\n\t\t\t\t<\/div>","protected":false},"excerpt":{"rendered":"<p>Pr\u00e9sentation de la soci\u00e9t\u00e9 RI-YOU Pro \u00c0 propos de nous : RI-YOU Pro est une soci\u00e9t\u00e9 sp\u00e9cialis\u00e9e dans la fourniture de fruits et l\u00e9gumes frais \u00e0 destination exclusive des caf\u00e9s, restaurants et h\u00f4tels (CHR). Forte d\u2019une exp\u00e9rience dans le domaine depuis 1980, notre entreprise b\u00e9n\u00e9ficie de l\u2019expertise et du savoir-faire de notre soci\u00e9t\u00e9 m\u00e8re bas\u00e9e [&hellip;]<\/p>","protected":false},"author":2,"featured_media":0,"parent":0,"menu_order":0,"comment_status":"closed","ping_status":"closed","template":"","meta":{"_uag_custom_page_level_css":"","site-sidebar-layout":"no-sidebar","site-content-layout":"page-builder","ast-site-content-layout":"full-width-container","site-content-style":"default","site-sidebar-style":"default","ast-global-header-display":"","ast-banner-title-visibility":"","ast-main-header-display":"","ast-hfb-above-header-display":"","ast-hfb-below-header-display":"","ast-hfb-mobile-header-display":"","site-post-title":"disabled","ast-breadcrumbs-content":"","ast-featured-img":"disabled","footer-sml-layout":"","theme-transparent-header-meta":"","adv-header-id-meta":"","stick-header-meta":"","header-above-stick-meta":"","header-main-stick-meta":"","header-below-stick-meta":"","astra-migrate-meta-layouts":"set","ast-page-background-enabled":"default","ast-page-background-meta":{"desktop":{"background-color":"","background-image":"","background-repeat":"repeat","background-position":"center center","background-size":"auto","background-attachment":"scroll","background-type":"","background-media":"","overlay-type":"","overlay-color":"","overlay-opacity":"","overlay-gradient":""},"tablet":{"background-color":"","background-image":"","background-repeat":"repeat","background-position":"center center","background-size":"auto","background-attachment":"scroll","background-type":"","background-media":"","overlay-type":"","overlay-color":"","overlay-opacity":"","overlay-gradient":""},"mobile":{"background-color":"","background-image":"","background-repeat":"repeat","background-position":"center center","background-size":"auto","background-attachment":"scroll","background-type":"","background-media":"","overlay-type":"","overlay-color":"","overlay-opacity":"","overlay-gradient":""}},"ast-content-background-meta":{"desktop":{"background-color":"var(--ast-global-color-5)","background-image":"","background-repeat":"repeat","background-position":"center center","background-size":"auto","background-attachment":"scroll","background-type":"","background-media":"","overlay-type":"","overlay-color":"","overlay-opacity":"","overlay-gradient":""},"tablet":{"background-color":"var(--ast-global-color-5)","background-image":"","background-repeat":"repeat","background-position":"center center","background-size":"auto","background-attachment":"scroll","background-type":"","background-media":"","overlay-type":"","overlay-color":"","overlay-opacity":"","overlay-gradient":""},"mobile":{"background-color":"var(--ast-global-color-5)","background-image":"","background-repeat":"repeat","background-position":"center center","background-size":"auto","background-attachment":"scroll","background-type":"","background-media":"","overlay-type":"","overlay-color":"","overlay-opacity":"","overlay-gradient":""}},"footnotes":""},"class_list":["post-5644","page","type-page","status-publish","hentry"],"aioseo_notices":[],"uagb_featured_image_src":{"full":false,"thumbnail":false,"medium":false,"medium_large":false,"large":false,"1536x1536":false,"2048x2048":false,"trp-custom-language-flag":false,"woocommerce_thumbnail":false,"woocommerce_single":false,"woocommerce_gallery_thumbnail":false},"uagb_author_info":{"display_name":"kancar","author_link":"https:\/\/riyoupro.com\/ar\/author\/kancar\/"},"uagb_comment_info":0,"uagb_excerpt":"Pr\u00e9sentation de la soci\u00e9t\u00e9 RI-YOU Pro \u00c0 propos de nous : RI-YOU Pro est une soci\u00e9t\u00e9 sp\u00e9cialis\u00e9e dans la fourniture de fruits et l\u00e9gumes frais \u00e0 destination exclusive des caf\u00e9s, restaurants et h\u00f4tels (CHR). Forte d\u2019une exp\u00e9rience dans le domaine depuis 1980, notre entreprise b\u00e9n\u00e9ficie de l\u2019expertise et du savoir-faire de notre soci\u00e9t\u00e9 m\u00e8re bas\u00e9e&hellip;","_links":{"self":[{"href":"https:\/\/riyoupro.com\/ar\/wp-json\/wp\/v2\/pages\/5644","targetHints":{"allow":["GET"]}}],"collection":[{"href":"https:\/\/riyoupro.com\/ar\/wp-json\/wp\/v2\/pages"}],"about":[{"href":"https:\/\/riyoupro.com\/ar\/wp-json\/wp\/v2\/types\/page"}],"author":[{"embeddable":true,"href":"https:\/\/riyoupro.com\/ar\/wp-json\/wp\/v2\/users\/2"}],"replies":[{"embeddable":true,"href":"https:\/\/riyoupro.com\/ar\/wp-json\/wp\/v2\/comments?post=5644"}],"version-history":[{"count":76,"href":"https:\/\/riyoupro.com\/ar\/wp-json\/wp\/v2\/pages\/5644\/revisions"}],"predecessor-version":[{"id":6027,"href":"https:\/\/riyoupro.com\/ar\/wp-json\/wp\/v2\/pages\/5644\/revisions\/6027"}],"wp:attachment":[{"href":"https:\/\/riyoupro.com\/ar\/wp-json\/wp\/v2\/media?parent=5644"}],"curies":[{"name":"wp","href":"https:\/\/api.w.org\/{rel}","templated":true}]}}