{"id":5632,"date":"2025-07-23T07:05:30","date_gmt":"2025-07-23T07:05:30","guid":{"rendered":"https:\/\/riyoupro.com\/?page_id=5632"},"modified":"2025-07-31T05:38:35","modified_gmt":"2025-07-31T05:38:35","slug":"contactez-nous","status":"publish","type":"page","link":"https:\/\/riyoupro.com\/ar\/contactez-nous\/","title":{"rendered":""},"content":{"rendered":"<div data-elementor-type=\"wp-page\" data-elementor-id=\"5632\" class=\"elementor elementor-5632\">\n\t\t\t\t<div class=\"elementor-element elementor-element-25c8b47 e-con-full e-flex e-con e-parent\" data-id=\"25c8b47\" data-element_type=\"container\">\n\t\t<div class=\"elementor-element elementor-element-24165ed9 e-con-full e-flex e-con e-child\" data-id=\"24165ed9\" data-element_type=\"container\">\n\t\t\t\t<div class=\"elementor-element elementor-element-43f60ffa elementor-widget elementor-widget-heading\" data-id=\"43f60ffa\" data-element_type=\"widget\" data-widget_type=\"heading.default\">\n\t\t\t\t<div class=\"elementor-widget-container\">\n\t\t\t\t\t<h2 class=\"elementor-heading-title elementor-size-default\">\u0627\u062a\u0635\u0644 \u0628\u0646\u0627<\/h2>\t\t\t\t<\/div>\n\t\t\t\t<\/div>\n\t\t\t\t<\/div>\n\t\t\t\t<\/div>\n\t\t<div class=\"elementor-element elementor-element-4652c95 e-con-full e-flex e-con e-parent\" data-id=\"4652c95\" data-element_type=\"container\">\n\t\t\t\t<div class=\"elementor-element elementor-element-272db68 elementor-invisible elementor-widget elementor-widget-image\" data-id=\"272db68\" data-element_type=\"widget\" data-settings=\"{&quot;_animation&quot;:&quot;fadeIn&quot;}\" data-widget_type=\"image.default\">\n\t\t\t\t<div class=\"elementor-widget-container\">\n\t\t\t\t\t\t\t\t\t\t\t\t\t\t\t<img fetchpriority=\"high\" decoding=\"async\" width=\"612\" height=\"344\" src=\"https:\/\/riyoupro.com\/wp-content\/uploads\/2025\/07\/istockphoto-1127980299-612x612-2.jpg\" class=\"attachment-2048x2048 size-2048x2048 wp-image-5671\" alt=\"\" srcset=\"https:\/\/riyoupro.com\/wp-content\/uploads\/2025\/07\/istockphoto-1127980299-612x612-2.jpg 612w, https:\/\/riyoupro.com\/wp-content\/uploads\/2025\/07\/istockphoto-1127980299-612x612-2-300x169.jpg 300w, https:\/\/riyoupro.com\/wp-content\/uploads\/2025\/07\/istockphoto-1127980299-612x612-2-600x337.jpg 600w\" sizes=\"(max-width: 612px) 100vw, 612px\" \/>\t\t\t\t\t\t\t\t\t\t\t\t\t\t\t<\/div>\n\t\t\t\t<\/div>\n\t\t<div class=\"elementor-element elementor-element-3ca61424 e-con-full e-flex e-con e-child\" data-id=\"3ca61424\" data-element_type=\"container\">\n\t\t\t\t<div class=\"elementor-element elementor-element-28729b0 elementor-widget elementor-widget-heading\" data-id=\"28729b0\" data-element_type=\"widget\" data-widget_type=\"heading.default\">\n\t\t\t\t<div class=\"elementor-widget-container\">\n\t\t\t\t\t<h3 class=\"elementor-heading-title elementor-size-default\">\u0647\u0644 \u062a\u062d\u062a\u0627\u062c \u0625\u0644\u0649 \u0645\u0633\u0627\u0639\u062f\u0629\u061f<\/h3>\t\t\t\t<\/div>\n\t\t\t\t<\/div>\n\t\t\t\t<div class=\"elementor-element elementor-element-4e3cb354 elementor-widget elementor-widget-text-editor\" data-id=\"4e3cb354\" data-element_type=\"widget\" data-widget_type=\"text-editor.default\">\n\t\t\t\t<div class=\"elementor-widget-container\">\n\t\t\t\t\t\t\t\t\t<p><strong data-start=\"363\" data-end=\"391\">\u0647\u0644 \u0644\u062f\u064a\u0643 \u0633\u0624\u0627\u0644\u061f<\/strong><br data-start=\"391\" data-end=\"394\" \/>\u0647\u0644 \u062a\u062d\u062a\u0627\u062c \u0625\u0644\u0649 \u0639\u0631\u0636 \u0633\u0639\u0631 \u0623\u0648 \u0645\u0639\u0644\u0648\u0645\u0627\u062a\u061f<br data-start=\"433\" data-end=\"436\" \/>\u0641\u0631\u064a\u0642\u0646\u0627 \u064a\u0631\u062f \u0639\u0644\u064a\u0643\u0645 \u0628\u0633\u0631\u0639\u0629 \u0648\u0628\u0643\u0644 \u0633\u0631\u0648\u0631.<\/p><p>\u062a\u0648\u0627\u0635\u0644\u0648\u0627 \u0645\u0639\u0646\u0627 \u0623\u064a\u0636\u064b\u0627 \u0639\u0628\u0631 \u0648\u0627\u062a\u0633\u0627\u0628 \u0644\u0644\u062d\u0635\u0648\u0644 \u0639\u0644\u0649 \u0631\u062f \u0641\u0648\u0631\u064a!<\/p>\t\t\t\t\t\t\t\t<\/div>\n\t\t\t\t<\/div>\n\t\t\t\t<\/div>\n\t\t\t\t<\/div>\n\t\t<div class=\"elementor-element elementor-element-3d9c4d17 e-con-full e-flex e-con e-parent\" data-id=\"3d9c4d17\" data-element_type=\"container\">\n\t\t<div class=\"elementor-element elementor-element-576b8d1f e-con-full e-flex e-con e-child\" data-id=\"576b8d1f\" data-element_type=\"container\" data-settings=\"{&quot;background_background&quot;:&quot;classic&quot;}\">\n\t\t\t\t<div class=\"elementor-element elementor-element-6696df4c elementor-widget elementor-widget-google_maps\" data-id=\"6696df4c\" data-element_type=\"widget\" data-widget_type=\"google_maps.default\">\n\t\t\t\t<div class=\"elementor-widget-container\">\n\t\t\t\t\t\t\t<div class=\"elementor-custom-embed\">\n\t\t\t<iframe loading=\"lazy\"\n\t\t\t\t\tsrc=\"https:\/\/maps.google.com\/maps?q=18%C2%B004%2726.6%22N%2015%C2%B058%2749.4%22W&#038;t=m&#038;z=17&#038;output=embed&#038;iwloc=near\"\n\t\t\t\t\ttitle=\"18\u00b004&#039;26.6&quot;N 15\u00b058&#039;49.4&quot;W\"\n\t\t\t\t\taria-label=\"18\u00b004&#039;26.6&quot;N 15\u00b058&#039;49.4&quot;W\"\n\t\t\t><\/iframe>\n\t\t<\/div>\n\t\t\t\t\t\t<\/div>\n\t\t\t\t<\/div>\n\t\t\t\t<\/div>\n\t\t<div class=\"elementor-element elementor-element-534ff727 e-con-full e-flex e-con e-child\" data-id=\"534ff727\" data-element_type=\"container\">\n\t\t\t\t<div class=\"elementor-element elementor-element-fdb2143 elementor-widget elementor-widget-icon-box\" data-id=\"fdb2143\" data-element_type=\"widget\" data-widget_type=\"icon-box.default\">\n\t\t\t\t<div class=\"elementor-widget-container\">\n\t\t\t\t\t\t\t<div class=\"elementor-icon-box-wrapper\">\n\n\t\t\t\n\t\t\t\t\t\t<div class=\"elementor-icon-box-content\">\n\n\t\t\t\t\t\t\t\t\t<h4 class=\"elementor-icon-box-title\">\n\t\t\t\t\t\t<span  >\n\t\t\t\t\t\t\t\u0627\u0644\u0639\u0646\u0648\u0627\u0646:\t\t\t\t\t\t<\/span>\n\t\t\t\t\t<\/h4>\n\t\t\t\t\n\t\t\t\t\n\t\t\t<\/div>\n\t\t\t\n\t\t<\/div>\n\t\t\t\t\t\t<\/div>\n\t\t\t\t<\/div>\n\t\t\t\t<div class=\"elementor-element elementor-element-71f8187 elementor-align-left elementor-mobile-align-left elementor-icon-list--layout-traditional elementor-list-item-link-full_width elementor-widget elementor-widget-icon-list\" data-id=\"71f8187\" data-element_type=\"widget\" data-widget_type=\"icon-list.default\">\n\t\t\t\t<div class=\"elementor-widget-container\">\n\t\t\t\t\t\t\t<ul class=\"elementor-icon-list-items\">\n\t\t\t\t\t\t\t<li class=\"elementor-icon-list-item\">\n\t\t\t\t\t\t\t\t\t\t<span class=\"elementor-icon-list-text\"><b>\u0627\u0644\u0639\u0646\u0648\u0627\u0646:<\/b> March\u00e9 Maroc, Carrefour Lehtab, Nouakchott, Mauritanie<\/span>\n\t\t\t\t\t\t\t\t\t<\/li>\n\t\t\t\t\t\t\t\t<li class=\"elementor-icon-list-item\">\n\t\t\t\t\t\t\t\t\t\t<span class=\"elementor-icon-list-text\"><b>\u0633\u0627\u0639\u0627\u062a \u0627\u0644\u0639\u0645\u0644:<\/b> \u0645\u0646 8:30 \u0625\u0644\u0649 19:00<\/span>\n\t\t\t\t\t\t\t\t\t<\/li>\n\t\t\t\t\t\t\t\t<li class=\"elementor-icon-list-item\">\n\t\t\t\t\t\t\t\t\t\t<span class=\"elementor-icon-list-text\"><b>\u0627\u0644\u0647\u0627\u062a\u0641:<\/b> <span style=\"font-style: inherit;font-weight: inherit;letter-spacing: 0px\">+222 44041788 +222 48781081 +222 43807959.<\/span><\/span>\n\t\t\t\t\t\t\t\t\t<\/li>\n\t\t\t\t\t\t\t\t<li class=\"elementor-icon-list-item\">\n\t\t\t\t\t\t\t\t\t\t<span class=\"elementor-icon-list-text\"><b>\u0627\u0644\u0628\u0631\u064a\u062f \u0627\u0644\u0625\u0644\u0643\u062a\u0631\u0648\u0646\u064a: <\/b>info@riyoupro.com<\/span>\n\t\t\t\t\t\t\t\t\t<\/li>\n\t\t\t\t\t\t<\/ul>\n\t\t\t\t\t\t<\/div>\n\t\t\t\t<\/div>\n\t\t\t\t<\/div>\n\t\t\t\t<\/div>\n\t\t<div class=\"elementor-element elementor-element-23bac68 e-con-full e-flex e-con e-parent\" data-id=\"23bac68\" data-element_type=\"container\" data-settings=\"{&quot;background_background&quot;:&quot;classic&quot;}\">\n\t\t<div class=\"elementor-element elementor-element-696f0dcd e-con-full e-flex e-con e-child\" data-id=\"696f0dcd\" data-element_type=\"container\">\n\t\t\t\t<div class=\"elementor-element elementor-element-7e65e4b elementor-invisible elementor-widget elementor-widget-image\" data-id=\"7e65e4b\" data-element_type=\"widget\" data-settings=\"{&quot;_animation&quot;:&quot;fadeIn&quot;}\" data-widget_type=\"image.default\">\n\t\t\t\t<div class=\"elementor-widget-container\">\n\t\t\t\t\t\t\t\t\t\t\t\t\t\t\t<img decoding=\"async\" width=\"1024\" height=\"1024\" src=\"https:\/\/riyoupro.com\/wp-content\/uploads\/2025\/07\/b0128001-f3b7-4547-8962-cb4ffd556cb8.png\" class=\"attachment-large size-large wp-image-5938\" alt=\"\" srcset=\"https:\/\/riyoupro.com\/wp-content\/uploads\/2025\/07\/b0128001-f3b7-4547-8962-cb4ffd556cb8.png 1024w, https:\/\/riyoupro.com\/wp-content\/uploads\/2025\/07\/b0128001-f3b7-4547-8962-cb4ffd556cb8-300x300.png 300w, https:\/\/riyoupro.com\/wp-content\/uploads\/2025\/07\/b0128001-f3b7-4547-8962-cb4ffd556cb8-150x150.png 150w, https:\/\/riyoupro.com\/wp-content\/uploads\/2025\/07\/b0128001-f3b7-4547-8962-cb4ffd556cb8-768x768.png 768w, https:\/\/riyoupro.com\/wp-content\/uploads\/2025\/07\/b0128001-f3b7-4547-8962-cb4ffd556cb8-600x600.png 600w, https:\/\/riyoupro.com\/wp-content\/uploads\/2025\/07\/b0128001-f3b7-4547-8962-cb4ffd556cb8-100x100.png 100w\" sizes=\"(max-width: 1024px) 100vw, 1024px\" \/>\t\t\t\t\t\t\t\t\t\t\t\t\t\t\t<\/div>\n\t\t\t\t<\/div>\n\t\t\t\t<\/div>\n\t\t<div class=\"elementor-element elementor-element-7349a063 e-con-full e-flex e-con e-child\" data-id=\"7349a063\" data-element_type=\"container\">\n\t\t\t\t<div class=\"elementor-element elementor-element-63f2be7 elementor-widget elementor-widget-wpforms\" data-id=\"63f2be7\" data-element_type=\"widget\" data-widget_type=\"wpforms.default\">\n\t\t\t\t<div class=\"elementor-widget-container\">\n\t\t\t\t\t<div class=\"wpforms-container wpforms-container-full wpforms-render-modern\" id=\"wpforms-5925\"><form id=\"wpforms-form-5925\" class=\"wpforms-validate wpforms-form wpforms-ajax-form\" data-formid=\"5925\" method=\"post\" enctype=\"multipart\/form-data\" action=\"\/ar\/wp-json\/wp\/v2\/pages\/5632\" data-token=\"b9d30be3c7ee5595d273521170950df0\" data-token-time=\"1776351573\" data-trp-original-action=\"\/ar\/wp-json\/wp\/v2\/pages\/5632\"><noscript class=\"wpforms-error-noscript\">Please enable JavaScript in your browser to complete this form.<\/noscript><div id=\"wpforms-error-noscript\" style=\"display: none;\">Please enable JavaScript in your browser to complete this form.<\/div><div class=\"wpforms-field-container\"><div id=\"wpforms-5925-field_1-container\" class=\"wpforms-field wpforms-field-name\" data-field-id=\"1\"><fieldset><legend class=\"wpforms-field-label\">\u0627\u0644\u0627\u0633\u0645 \u0627\u0644\u0643\u0627\u0645\u0644 <span class=\"wpforms-required-label\" aria-hidden=\"true\">*<\/span><\/legend><div class=\"wpforms-field-row wpforms-field-medium\"><div class=\"wpforms-field-row-block wpforms-first wpforms-one-half\"><input type=\"text\" id=\"wpforms-5925-field_1\" class=\"wpforms-field-name-first wpforms-field-required\" name=\"wpforms[fields][1][first]\" aria-errormessage=\"wpforms-5925-field_1-error\" required><label for=\"wpforms-5925-field_1\" class=\"wpforms-field-sublabel after\">First<\/label><\/div><div class=\"wpforms-field-row-block wpforms-one-half\"><input type=\"text\" id=\"wpforms-5925-field_1-last\" class=\"wpforms-field-name-last wpforms-field-required\" name=\"wpforms[fields][1][last]\" aria-errormessage=\"wpforms-5925-field_1-last-error\" required><label for=\"wpforms-5925-field_1-last\" class=\"wpforms-field-sublabel after\">Last<\/label><\/div><\/div><\/fieldset><\/div>\t\t<div id=\"wpforms-5925-field_4-container\"\n\t\t\tclass=\"wpforms-field wpforms-field-text\"\n\t\t\tdata-field-type=\"text\"\n\t\t\tdata-field-id=\"4\"\n\t\t\t>\n\t\t\t<label class=\"wpforms-field-label\" for=\"wpforms-5925-field_4\" >Nom et E-mail<\/label>\n\t\t\t<input type=\"text\" id=\"wpforms-5925-field_4\" class=\"wpforms-field-medium\" name=\"wpforms[fields][4]\" >\n\t\t<\/div>\n\t\t<div id=\"wpforms-5925-field_2-container\" class=\"wpforms-field wpforms-field-email\" data-field-id=\"2\"><label class=\"wpforms-field-label\" for=\"wpforms-5925-field_2\">\u0627\u0644\u0628\u0631\u064a\u062f \u0627\u0644\u0625\u0644\u0643\u062a\u0631\u0648\u0646\u064a <span class=\"wpforms-required-label\" aria-hidden=\"true\">*<\/span><\/label><input type=\"email\" id=\"wpforms-5925-field_2\" class=\"wpforms-field-medium wpforms-field-required\" name=\"wpforms[fields][2]\" spellcheck=\"false\" aria-errormessage=\"wpforms-5925-field_2-error\" required><\/div><div id=\"wpforms-5925-field_3-container\" class=\"wpforms-field wpforms-field-textarea\" data-field-id=\"3\"><label class=\"wpforms-field-label\" for=\"wpforms-5925-field_3\">\u0631\u0633\u0627\u0644\u062a\u0643<\/label><textarea id=\"wpforms-5925-field_3\" class=\"wpforms-field-medium\" name=\"wpforms[fields][3]\" aria-errormessage=\"wpforms-5925-field_3-error\" ><\/textarea><\/div><script>\n\t\t\t\t( function() {\n\t\t\t\t\tconst style = document.createElement( 'style' );\n\t\t\t\t\tstyle.appendChild( document.createTextNode( '#wpforms-5925-field_4-container { position: absolute !important; overflow: hidden !important; display: inline !important; height: 1px !important; width: 1px !important; z-index: -1000 !important; padding: 0 !important; } #wpforms-5925-field_4-container input { visibility: hidden; } #wpforms-conversational-form-page #wpforms-5925-field_4-container label { counter-increment: none; }' ) );\n\t\t\t\t\tdocument.head.appendChild( style );\n\t\t\t\t\tdocument.currentScript?.remove();\n\t\t\t\t} )();\n\t\t\t<\/script><\/div><!-- .wpforms-field-container --><div class=\"wpforms-submit-container\" ><input type=\"hidden\" name=\"wpforms[id]\" value=\"5925\"><input type=\"hidden\" name=\"page_title\" value=\"\"><input type=\"hidden\" name=\"page_url\" value=\"https:\/\/riyoupro.com\/ar\/wp-json\/wp\/v2\/pages\/5632\"><input type=\"hidden\" name=\"url_referer\" value=\"\"><button type=\"submit\" name=\"wpforms[submit]\" id=\"wpforms-submit-5925\" class=\"wpforms-submit\" data-alt-text=\"Envoi en cours...\" data-submit-text=\"Soumettre\" aria-live=\"assertive\" value=\"wpforms-submit\">\u0625\u0631\u0633\u0627\u0644<\/button><img decoding=\"async\" src=\"https:\/\/riyoupro.com\/wp-content\/plugins\/wpforms-lite\/assets\/images\/submit-spin.svg\" class=\"wpforms-submit-spinner\" style=\"display: none;\" width=\"26\" height=\"26\" alt=\"Loading\"><\/div><input type=\"hidden\" name=\"trp-form-language\" value=\"ar\"\/><\/form><\/div>  <!-- .wpforms-container -->\t\t\t\t<\/div>\n\t\t\t\t<\/div>\n\t\t\t\t<div class=\"elementor-element elementor-element-7964a90 elementor-widget elementor-widget-icon-box\" data-id=\"7964a90\" data-element_type=\"widget\" data-widget_type=\"icon-box.default\">\n\t\t\t\t<div class=\"elementor-widget-container\">\n\t\t\t\t\t\t\t<div class=\"elementor-icon-box-wrapper\">\n\n\t\t\t\n\t\t\t\t\t\t<div class=\"elementor-icon-box-content\">\n\n\t\t\t\t\t\t\t\t\t<h4 class=\"elementor-icon-box-title\">\n\t\t\t\t\t\t<span  >\n\t\t\t\t\t\t\t<strong data-start=\"457\" data-end=\"482\">\u0646\u0645\u0648\u0630\u062c \u0627\u0644\u0627\u062a\u0635\u0627\u0644<\/strong>\t\t\t\t\t\t<\/span>\n\t\t\t\t\t<\/h4>\n\t\t\t\t\n\t\t\t\t\t\t\t\t\t<p class=\"elementor-icon-box-description\">\n\t\t\t\t\t\t<p data-pm-slice=\"0 0 []\">&nbsp;\u0633\u064a\u0631\u062f \u0639\u0644\u064a\u0643\u0645 \u0645\u0633\u062a\u0634\u0627\u0631 \u0641\u064a \u0623\u0642\u0631\u0628 \u0648\u0642\u062a<span style=\"letter-spacing: 0px\"><\/span><\/p>\t\t\t\t\t<\/p>\n\t\t\t\t\n\t\t\t<\/div>\n\t\t\t\n\t\t<\/div>\n\t\t\t\t\t\t<\/div>\n\t\t\t\t<\/div>\n\t\t\t\t<\/div>\n\t\t\t\t<\/div>\n\t\t\t\t<\/div>","protected":false},"excerpt":{"rendered":"<p>Contactez-nous Besoin d\u2019aide ? Vous avez une question ?Besoin d\u2019un devis ou d\u2019informations ?Notre \u00e9quipe vous r\u00e9pond rapidement et avec plaisir. Contactez-nous aussi sur WhatsApp pour une r\u00e9ponse imm\u00e9diate ! Adresse: Adresse: March\u00e9 Maroc, Carrefour Lehtab, Nouakchott, Mauritanie Horaires: 8h30 \u2013 19h00 T\u00e9l: +222 44041788 +222 48781081 +222 43807959. E-mail: info@riyoupro.com Bu formu bitirebilmek i\u00e7in [&hellip;]<\/p>","protected":false},"author":2,"featured_media":0,"parent":0,"menu_order":0,"comment_status":"closed","ping_status":"closed","template":"","meta":{"_uag_custom_page_level_css":"","site-sidebar-layout":"no-sidebar","site-content-layout":"page-builder","ast-site-content-layout":"full-width-container","site-content-style":"default","site-sidebar-style":"default","ast-global-header-display":"","ast-banner-title-visibility":"","ast-main-header-display":"","ast-hfb-above-header-display":"","ast-hfb-below-header-display":"","ast-hfb-mobile-header-display":"","site-post-title":"","ast-breadcrumbs-content":"","ast-featured-img":"","footer-sml-layout":"","theme-transparent-header-meta":"","adv-header-id-meta":"","stick-header-meta":"","header-above-stick-meta":"","header-main-stick-meta":"","header-below-stick-meta":"","astra-migrate-meta-layouts":"set","ast-page-background-enabled":"default","ast-page-background-meta":{"desktop":{"background-color":"","background-image":"","background-repeat":"repeat","background-position":"center center","background-size":"auto","background-attachment":"scroll","background-type":"","background-media":"","overlay-type":"","overlay-color":"","overlay-opacity":"","overlay-gradient":""},"tablet":{"background-color":"","background-image":"","background-repeat":"repeat","background-position":"center center","background-size":"auto","background-attachment":"scroll","background-type":"","background-media":"","overlay-type":"","overlay-color":"","overlay-opacity":"","overlay-gradient":""},"mobile":{"background-color":"","background-image":"","background-repeat":"repeat","background-position":"center center","background-size":"auto","background-attachment":"scroll","background-type":"","background-media":"","overlay-type":"","overlay-color":"","overlay-opacity":"","overlay-gradient":""}},"ast-content-background-meta":{"desktop":{"background-color":"var(--ast-global-color-5)","background-image":"","background-repeat":"repeat","background-position":"center center","background-size":"auto","background-attachment":"scroll","background-type":"","background-media":"","overlay-type":"","overlay-color":"","overlay-opacity":"","overlay-gradient":""},"tablet":{"background-color":"var(--ast-global-color-5)","background-image":"","background-repeat":"repeat","background-position":"center center","background-size":"auto","background-attachment":"scroll","background-type":"","background-media":"","overlay-type":"","overlay-color":"","overlay-opacity":"","overlay-gradient":""},"mobile":{"background-color":"var(--ast-global-color-5)","background-image":"","background-repeat":"repeat","background-position":"center center","background-size":"auto","background-attachment":"scroll","background-type":"","background-media":"","overlay-type":"","overlay-color":"","overlay-opacity":"","overlay-gradient":""}},"footnotes":""},"class_list":["post-5632","page","type-page","status-publish","hentry"],"aioseo_notices":[],"uagb_featured_image_src":{"full":false,"thumbnail":false,"medium":false,"medium_large":false,"large":false,"1536x1536":false,"2048x2048":false,"trp-custom-language-flag":false,"woocommerce_thumbnail":false,"woocommerce_single":false,"woocommerce_gallery_thumbnail":false},"uagb_author_info":{"display_name":"kancar","author_link":"https:\/\/riyoupro.com\/ar\/author\/kancar\/"},"uagb_comment_info":0,"uagb_excerpt":"Contactez-nous Besoin d\u2019aide ? Vous avez une question ?Besoin d\u2019un devis ou d\u2019informations ?Notre \u00e9quipe vous r\u00e9pond rapidement et avec plaisir. Contactez-nous aussi sur WhatsApp pour une r\u00e9ponse imm\u00e9diate ! Adresse: Adresse: March\u00e9 Maroc, Carrefour Lehtab, Nouakchott, Mauritanie Horaires: 8h30 \u2013 19h00 T\u00e9l: +222 44041788 +222 48781081 +222 43807959. E-mail: info@riyoupro.com Bu formu bitirebilmek i\u00e7in&hellip;","_links":{"self":[{"href":"https:\/\/riyoupro.com\/ar\/wp-json\/wp\/v2\/pages\/5632","targetHints":{"allow":["GET"]}}],"collection":[{"href":"https:\/\/riyoupro.com\/ar\/wp-json\/wp\/v2\/pages"}],"about":[{"href":"https:\/\/riyoupro.com\/ar\/wp-json\/wp\/v2\/types\/page"}],"author":[{"embeddable":true,"href":"https:\/\/riyoupro.com\/ar\/wp-json\/wp\/v2\/users\/2"}],"replies":[{"embeddable":true,"href":"https:\/\/riyoupro.com\/ar\/wp-json\/wp\/v2\/comments?post=5632"}],"version-history":[{"count":116,"href":"https:\/\/riyoupro.com\/ar\/wp-json\/wp\/v2\/pages\/5632\/revisions"}],"predecessor-version":[{"id":6067,"href":"https:\/\/riyoupro.com\/ar\/wp-json\/wp\/v2\/pages\/5632\/revisions\/6067"}],"wp:attachment":[{"href":"https:\/\/riyoupro.com\/ar\/wp-json\/wp\/v2\/media?parent=5632"}],"curies":[{"name":"wp","href":"https:\/\/api.w.org\/{rel}","templated":true}]}}